{"id":19549,"date":"2023-01-24T18:20:11","date_gmt":"2023-01-24T18:20:11","guid":{"rendered":"https:\/\/hi-di-hi.nl\/?post_type=product&#038;p=19549"},"modified":"2026-04-15T09:43:33","modified_gmt":"2026-04-15T07:43:33","slug":"wb15","status":"publish","type":"product","link":"https:\/\/iarina034.supserv.cozmoslabs.com\/de\/product\/wb15\/","title":{"rendered":"Winky Maxi"},"content":{"rendered":"<p>Zu witzig f\u00fcr Worte: eine Tasche, die beim Gehen flirtet!<br \/>\nOb beim Flanieren \u00fcber den Boulevard oder beim Tanzen in der Disco, Winky garantiert jede Menge Aufmerksamkeit!<\/p>\n<p>M\u00f6chten Sie Ihrem besten Freund oder heimlichen Liebhaber ein Herz zu Herz geben?<br \/>\nWinky wei\u00df immer, wie man einem ein L\u00e4cheln ins Gesicht zaubert.<br \/>\nWen w\u00fcrdest du mit einem Winky aufheitern?<br \/>\nPassend zu jedem Outfit in Dunkelgrau erh\u00e4ltlich!<\/p>\n<blockquote><p>\u00dcber Winky Maxi:<\/p>\n<p><em>\u201eNun, nat\u00fcrlich wirst du mit dieser Tasche gesehen. Daran besteht kein Zweifel. Ist das nicht toll? Bist du die Powerfrau, die entscheidet, mit wem sie wann flirtet? Oder derjenige, der zeigen will, dass man manchmal das Leben mit einem Augenzwinkern nehmen kann? So oder so, es wird viele Leute zum L\u00e4cheln bringen! (Und du kannst auch noch deinen ganzen Haushalt darin tragen, meine G\u00fcte, was f\u00fcr eine Menge Platz diese Tasche hat!)\u201c<\/em><\/p><\/blockquote>","protected":false},"excerpt":{"rendered":"<ul>\n<li>Umh\u00e4ngetasche<\/li>\n<li>H20 x B20 x T10 cm<\/li>\n<li>Veganes Leder \/ Fair hergestellt<\/li>\n<li>1 Rei\u00dfverschlusstasche und 2 offene Taschen innen<\/li>\n<li>Zus\u00e4tzliche Rei\u00dfverschlusstasche auf der R\u00fcckseite<\/li>\n<li>Zwinkert dir zu!<\/li>\n<li>Blickfang!<\/li>\n<li>Verstellbarer \/ abnehmbarer Schultergurt<\/li>\n<\/ul>","protected":false},"featured_media":842508,"comment_status":"open","ping_status":"closed","template":"","meta":{"_et_pb_use_builder":"","_et_pb_old_content":"","_et_gb_content_width":""},"product_brand":[],"product_cat":[591,51,145],"product_tag":[460],"class_list":{"0":"post-19549","1":"product","2":"type-product","3":"status-publish","4":"has-post-thumbnail","6":"product_cat-available-now","7":"product_cat-bags","8":"product_cat-hidihi-bags","9":"product_tag-winkwink","10":"pa_color-grey","11":"pa_style-crossbodybags","13":"first","14":"instock","15":"taxable","16":"shipping-taxable","17":"purchasable","18":"product-type-simple"},"_links":{"self":[{"href":"https:\/\/iarina034.supserv.cozmoslabs.com\/de\/wp-json\/wp\/v2\/product\/19549","targetHints":{"allow":["GET"]}}],"collection":[{"href":"https:\/\/iarina034.supserv.cozmoslabs.com\/de\/wp-json\/wp\/v2\/product"}],"about":[{"href":"https:\/\/iarina034.supserv.cozmoslabs.com\/de\/wp-json\/wp\/v2\/types\/product"}],"replies":[{"embeddable":true,"href":"https:\/\/iarina034.supserv.cozmoslabs.com\/de\/wp-json\/wp\/v2\/comments?post=19549"}],"wp:featuredmedia":[{"embeddable":true,"href":"https:\/\/iarina034.supserv.cozmoslabs.com\/de\/wp-json\/wp\/v2\/media\/842508"}],"wp:attachment":[{"href":"https:\/\/iarina034.supserv.cozmoslabs.com\/de\/wp-json\/wp\/v2\/media?parent=19549"}],"wp:term":[{"taxonomy":"product_brand","embeddable":true,"href":"https:\/\/iarina034.supserv.cozmoslabs.com\/de\/wp-json\/wp\/v2\/product_brand?post=19549"},{"taxonomy":"product_cat","embeddable":true,"href":"https:\/\/iarina034.supserv.cozmoslabs.com\/de\/wp-json\/wp\/v2\/product_cat?post=19549"},{"taxonomy":"product_tag","embeddable":true,"href":"https:\/\/iarina034.supserv.cozmoslabs.com\/de\/wp-json\/wp\/v2\/product_tag?post=19549"}],"curies":[{"name":"wp","href":"https:\/\/api.w.org\/{rel}","templated":true}]}}