{"id":3377,"date":"2022-06-07T12:47:33","date_gmt":"2022-06-07T12:47:33","guid":{"rendered":"https:\/\/eeezi.nl\/?post_type=product&#038;p=3377"},"modified":"2026-01-23T09:17:59","modified_gmt":"2026-01-23T08:17:59","slug":"e-16-04","status":"publish","type":"product","link":"https:\/\/iarina034.supserv.cozmoslabs.com\/de\/product\/e-16-04\/","title":{"rendered":"E-16-04"},"content":{"rendered":"<ul>\n<li class=\"p1\"><span class=\"s1\">H22 x B30 x T3 cm<\/span><\/li>\n<li class=\"p1\"><span class=\"s1\">Schulterriemen k\u00fcrzeste Gr\u00f6\u00dfe: 86 cm<\/span><\/li>\n<li class=\"p1\"><span class=\"s1\"> Schulterriemen l\u00e4ngste Gr\u00f6\u00dfe: 180 cm<\/span><\/li>\n<li class=\"p1\"><span class=\"s1\">100% recyceltes und recycelbares Polyurethan gemischt mit Holzfasern, 100% recyceltes Polyesterfutter, bleifreie Metalle, Farbe auf Wasserbasis.<\/span><\/li>\n<li class=\"p1\"><span class=\"s1\">100% vegan<\/span><\/li>\n<\/ul>\n<p>&nbsp;<\/p>\n<p>&nbsp;<\/p>","protected":false},"excerpt":{"rendered":"<p class=\"p1\"><span class=\"s1\">Eine lustige Umh\u00e4ngetasche, die sehr bequem zu tragen ist. Der Schultergurt ist auf Ihre Gr\u00f6\u00dfe einstellbar. Einfach \u00fcber die Schulter werfen! Die zwei Taschen auf der Vorderseite bieten Platz f\u00fcr kleinere Dinge. Eine Rei\u00dfverschlusstasche auf der R\u00fcckseite sch\u00fctzt Ihre Wertsachen. Das gr\u00f6\u00dfere Fach l\u00e4sst sich mit einem Rei\u00dfverschluss verschlie\u00dfen und ist somit wasserdicht.<br \/>\n<\/span><\/p>\n<p class=\"p1\"><span class=\"s1\">ZUS\u00c4TZE<\/span><\/p>\n<ul>\n<li class=\"p1\"><span class=\"s1\">adjustable shoulder strap<br \/>\n<\/span><\/li>\n<li class=\"p1\"><span class=\"s1\">1 back zip pocket<br \/>\n<\/span><\/li>\n<li><span class=\"s1\">2 \u00a0front zipped pockets<br \/>\n<\/span><\/li>\n<li><span class=\"s1\">EEEZI to clean with water<\/span><\/li>\n<\/ul>","protected":false},"featured_media":0,"comment_status":"open","ping_status":"closed","template":"","meta":{"_et_pb_use_builder":"","_et_pb_old_content":"","_et_gb_content_width":""},"product_brand":[],"product_cat":[51,145],"product_tag":[291],"class_list":{"0":"post-3377","1":"product","2":"type-product","3":"status-publish","5":"product_cat-bags","6":"product_cat-hidihi-bags","7":"product_tag-eeezi","8":"pa_color-beige","9":"pa_color-blue","10":"pa_color-orange","11":"pa_style-crossbodybags","12":"pa_style-shoulderbags","14":"first","15":"instock","16":"taxable","17":"shipping-taxable","18":"purchasable","19":"product-type-simple"},"_links":{"self":[{"href":"https:\/\/iarina034.supserv.cozmoslabs.com\/de\/wp-json\/wp\/v2\/product\/3377","targetHints":{"allow":["GET"]}}],"collection":[{"href":"https:\/\/iarina034.supserv.cozmoslabs.com\/de\/wp-json\/wp\/v2\/product"}],"about":[{"href":"https:\/\/iarina034.supserv.cozmoslabs.com\/de\/wp-json\/wp\/v2\/types\/product"}],"replies":[{"embeddable":true,"href":"https:\/\/iarina034.supserv.cozmoslabs.com\/de\/wp-json\/wp\/v2\/comments?post=3377"}],"wp:attachment":[{"href":"https:\/\/iarina034.supserv.cozmoslabs.com\/de\/wp-json\/wp\/v2\/media?parent=3377"}],"wp:term":[{"taxonomy":"product_brand","embeddable":true,"href":"https:\/\/iarina034.supserv.cozmoslabs.com\/de\/wp-json\/wp\/v2\/product_brand?post=3377"},{"taxonomy":"product_cat","embeddable":true,"href":"https:\/\/iarina034.supserv.cozmoslabs.com\/de\/wp-json\/wp\/v2\/product_cat?post=3377"},{"taxonomy":"product_tag","embeddable":true,"href":"https:\/\/iarina034.supserv.cozmoslabs.com\/de\/wp-json\/wp\/v2\/product_tag?post=3377"}],"curies":[{"name":"wp","href":"https:\/\/api.w.org\/{rel}","templated":true}]}}