{"id":840254,"date":"2023-01-25T13:48:12","date_gmt":"2023-01-25T13:48:12","guid":{"rendered":"https:\/\/hi-di-hi.nl\/?post_type=product&#038;p=840254"},"modified":"2026-04-27T19:49:16","modified_gmt":"2026-04-27T17:49:16","slug":"nn-241-01","status":"publish","type":"product","link":"https:\/\/iarina034.supserv.cozmoslabs.com\/de\/product\/nn-241-01\/","title":{"rendered":"Ricky"},"content":{"rendered":"<blockquote><p>\u00dcber Ricky:<\/p>\n<p>&#8220;&#8230;&#8221;<\/p><\/blockquote>","protected":false},"excerpt":{"rendered":"<div class=\"page\" title=\"Seite 16\">\n<div class=\"section\">\n<div class=\"layoutArea\">\n<div class=\"column\">\u2022 Umh\u00e4ngetasche \/ Umh\u00e4ngetasche<br \/>\n\u2022 Gr\u00f6\u00dfe: B18 x H17,5 x T6 cm<br \/>\n\u2022 Kunstleder (100% vegan)<br \/>\n\u2022 S\u00fc\u00dfe, kleine Tasche mit gen\u00fcgend Stauraum f\u00fcr Ihre Kleinigkeiten<br \/>\n\u2022 Geschlossen durch Rei\u00dfverschluss und Magnet<br \/>\n\u2022 1 offene Tasche und 1 Rei\u00dfverschlusstasche innen<br \/>\n\u2022 Schultergurt ist verstellbar und abnehmbar<\/div>\n<\/div>\n<\/div>\n<\/div>","protected":false},"featured_media":842795,"comment_status":"open","ping_status":"closed","template":"","meta":{"_et_pb_use_builder":"","_et_pb_old_content":"","_et_gb_content_width":""},"product_brand":[],"product_cat":[591,51,146],"product_tag":[580],"class_list":{"0":"post-840254","1":"product","2":"type-product","3":"status-publish","4":"has-post-thumbnail","6":"product_cat-available-now","7":"product_cat-bags","8":"product_cat-noinoi-bags","9":"product_tag-noi-noi","10":"pa_color-purple","11":"pa_color-red","12":"pa_style-crossbodybags","13":"pa_style-shoulderbags","15":"first","16":"instock","17":"taxable","18":"shipping-taxable","19":"purchasable","20":"product-type-simple"},"_links":{"self":[{"href":"https:\/\/iarina034.supserv.cozmoslabs.com\/de\/wp-json\/wp\/v2\/product\/840254","targetHints":{"allow":["GET"]}}],"collection":[{"href":"https:\/\/iarina034.supserv.cozmoslabs.com\/de\/wp-json\/wp\/v2\/product"}],"about":[{"href":"https:\/\/iarina034.supserv.cozmoslabs.com\/de\/wp-json\/wp\/v2\/types\/product"}],"replies":[{"embeddable":true,"href":"https:\/\/iarina034.supserv.cozmoslabs.com\/de\/wp-json\/wp\/v2\/comments?post=840254"}],"wp:featuredmedia":[{"embeddable":true,"href":"https:\/\/iarina034.supserv.cozmoslabs.com\/de\/wp-json\/wp\/v2\/media\/842795"}],"wp:attachment":[{"href":"https:\/\/iarina034.supserv.cozmoslabs.com\/de\/wp-json\/wp\/v2\/media?parent=840254"}],"wp:term":[{"taxonomy":"product_brand","embeddable":true,"href":"https:\/\/iarina034.supserv.cozmoslabs.com\/de\/wp-json\/wp\/v2\/product_brand?post=840254"},{"taxonomy":"product_cat","embeddable":true,"href":"https:\/\/iarina034.supserv.cozmoslabs.com\/de\/wp-json\/wp\/v2\/product_cat?post=840254"},{"taxonomy":"product_tag","embeddable":true,"href":"https:\/\/iarina034.supserv.cozmoslabs.com\/de\/wp-json\/wp\/v2\/product_tag?post=840254"}],"curies":[{"name":"wp","href":"https:\/\/api.w.org\/{rel}","templated":true}]}}