{"id":842114,"date":"2023-01-27T08:10:46","date_gmt":"2023-01-27T08:10:46","guid":{"rendered":"https:\/\/hi-di-hi.nl\/?post_type=product&#038;p=842114"},"modified":"2026-05-04T13:37:33","modified_gmt":"2026-05-04T11:37:33","slug":"fs05","status":"publish","type":"product","link":"https:\/\/iarina034.supserv.cozmoslabs.com\/de\/product\/fs05\/","title":{"rendered":"Funny Straps \u2013 Bl\u00fctendruck"},"content":{"rendered":"<p>Unser neuster Neuzugang: Funny Straps! Hi-di-hi reagiert damit direkt auf den hei\u00dfesten Trend: Wechseln Sie Ihren Schultergurt f\u00fcr einen v\u00f6llig anderen Look. Ob es ein anderer ist<span class=\"Apple-converted-space\">\u00a0<\/span>Farbe oder Druck, oder eine andere L\u00e4nge: Mit den Funny Straps ist alles m\u00f6glich, denn es gibt sie in zwei verschiedenen L\u00e4ngen in einem Set. Erh\u00e4ltlich in 3 verschiedenen Ausf\u00fchrungen und beidseitig bedruckt: doppelter Spa\u00df! So passen sie immer zu allen Hi-di-hi-Taschen. Hergestellt aus recyceltem Nylon mit nachhaltigen Metallen ohne Giftstoffe. Das erwartet man von Hi-di-hi: so fun, so you!<\/p>\n<p>&nbsp;<\/p>\n<blockquote><p>\u00dcber lustige Riemen:<\/p>\n<p><em>Sei der erste der eine Bewertung schreibt!<\/em><\/p><\/blockquote>","protected":false},"excerpt":{"rendered":"<ul>\n<li>Schultergurt, 2 St\u00fcck\/1 Packung<\/li>\n<li>0,55-0,95m \/ 0,95-1,80m<\/li>\n<li>Starkes recyceltes Nylon mit langlebigen ungiftigen Metallen<\/li>\n<li>Doppelseitig bedruckt f\u00fcr mehr Spa\u00df<\/li>\n<li>Passt in jede Hi-di-hi-Tasche und Multi-Geldb\u00f6rse!<\/li>\n<li>100% Fair gemacht!<\/li>\n<\/ul>","protected":false},"featured_media":842155,"comment_status":"open","ping_status":"closed","template":"","meta":{"_et_pb_use_builder":"","_et_pb_old_content":"","_et_gb_content_width":""},"product_brand":[],"product_cat":[16,591,145],"product_tag":[587],"class_list":{"0":"post-842114","1":"product","2":"type-product","3":"status-publish","4":"has-post-thumbnail","6":"product_cat-accessories","7":"product_cat-available-now","8":"product_cat-hidihi-bags","9":"product_tag-love-is-in-the-air","10":"pa_color-beige","11":"pa_color-pink","12":"pa_style-accessories","14":"first","15":"instock","16":"taxable","17":"shipping-taxable","18":"purchasable","19":"product-type-simple"},"_links":{"self":[{"href":"https:\/\/iarina034.supserv.cozmoslabs.com\/de\/wp-json\/wp\/v2\/product\/842114","targetHints":{"allow":["GET"]}}],"collection":[{"href":"https:\/\/iarina034.supserv.cozmoslabs.com\/de\/wp-json\/wp\/v2\/product"}],"about":[{"href":"https:\/\/iarina034.supserv.cozmoslabs.com\/de\/wp-json\/wp\/v2\/types\/product"}],"replies":[{"embeddable":true,"href":"https:\/\/iarina034.supserv.cozmoslabs.com\/de\/wp-json\/wp\/v2\/comments?post=842114"}],"wp:featuredmedia":[{"embeddable":true,"href":"https:\/\/iarina034.supserv.cozmoslabs.com\/de\/wp-json\/wp\/v2\/media\/842155"}],"wp:attachment":[{"href":"https:\/\/iarina034.supserv.cozmoslabs.com\/de\/wp-json\/wp\/v2\/media?parent=842114"}],"wp:term":[{"taxonomy":"product_brand","embeddable":true,"href":"https:\/\/iarina034.supserv.cozmoslabs.com\/de\/wp-json\/wp\/v2\/product_brand?post=842114"},{"taxonomy":"product_cat","embeddable":true,"href":"https:\/\/iarina034.supserv.cozmoslabs.com\/de\/wp-json\/wp\/v2\/product_cat?post=842114"},{"taxonomy":"product_tag","embeddable":true,"href":"https:\/\/iarina034.supserv.cozmoslabs.com\/de\/wp-json\/wp\/v2\/product_tag?post=842114"}],"curies":[{"name":"wp","href":"https:\/\/api.w.org\/{rel}","templated":true}]}}