{"id":844942,"date":"2023-06-27T12:39:54","date_gmt":"2023-06-27T12:39:54","guid":{"rendered":"https:\/\/hi-di-hi.nl\/?post_type=product&#038;p=844942"},"modified":"2026-04-01T22:35:01","modified_gmt":"2026-04-01T20:35:01","slug":"geschenkgutschein","status":"publish","type":"product","link":"https:\/\/iarina034.supserv.cozmoslabs.com\/de\/product\/gift-card\/","title":{"rendered":"Geschenkkarte"},"content":{"rendered":"<p>Geben Sie die E-Mail-Adresse des Empf\u00e4ngers im entsprechenden Feld ein. Nach Abschluss des Geschenkgutscheinkaufs wird dem Empf\u00e4nger direkt eine E-Mail mit der Geschenkkarte zugesendet. Die Geschenkkarte ist unbegrenzt g\u00fcltig und kann f\u00fcr alle Artikel im Shop eingel\u00f6st werden*. Geben Sie einfach den Code der Geschenkkarte im Gutscheinfeld ein. Restguthaben kann nach einem Kauf f\u00fcr einen weiteren Einkauf verwendet werden. Ist der Gesamtbetrag Ihrer Bestellung h\u00f6her als der Wert der Geschenkkarte? Kein Problem! Bezahlen Sie den Restbetrag bequem mit einer Zahlungsmethode Ihrer Wahl (PayPal, Kreditkarte, iDEAL oder Bank\u00fcberweisung).<\/p>\n<p>*Geschenkkarten k\u00f6nnen nicht mit anderen Geschenkkarten kombiniert werden.<\/p>","protected":false},"excerpt":{"rendered":"<p>Verschenke Mode!<\/p>\n<p>Sie k\u00f6nnen sich nicht entscheiden, welche Tasche Sie verschenken sollen, oder m\u00f6chte Ihre Freundin\/Ihr Freund lieber selbst aussuchen? Dann ist die Geschenkkarte das perfekte Geschenk f\u00fcr Sie.<\/p>","protected":false},"featured_media":844946,"comment_status":"closed","ping_status":"closed","template":"","meta":{"_et_pb_use_builder":"","_et_pb_old_content":"","_et_gb_content_width":""},"product_brand":[],"product_cat":[16,591,51,593,592,595,144,145,542,146,594],"product_tag":[],"class_list":{"0":"post-844942","1":"product","2":"type-product","3":"status-publish","4":"has-post-thumbnail","6":"product_cat-accessories","7":"product_cat-available-now","8":"product_cat-bags","9":"product_cat-bags-ships-in-march-2026","10":"product_cat-birdy-beads","11":"product_cat-birdy-beats-ships-in-march-2026","12":"product_cat-eeezi-bags","13":"product_cat-hidihi-bags","14":"product_cat-hi-di-home","15":"product_cat-noinoi-bags","16":"product_cat-ships-in-june-2026","18":"first","19":"instock","20":"purchasable","21":"product-type-simple"},"_links":{"self":[{"href":"https:\/\/iarina034.supserv.cozmoslabs.com\/de\/wp-json\/wp\/v2\/product\/844942","targetHints":{"allow":["GET"]}}],"collection":[{"href":"https:\/\/iarina034.supserv.cozmoslabs.com\/de\/wp-json\/wp\/v2\/product"}],"about":[{"href":"https:\/\/iarina034.supserv.cozmoslabs.com\/de\/wp-json\/wp\/v2\/types\/product"}],"replies":[{"embeddable":true,"href":"https:\/\/iarina034.supserv.cozmoslabs.com\/de\/wp-json\/wp\/v2\/comments?post=844942"}],"wp:featuredmedia":[{"embeddable":true,"href":"https:\/\/iarina034.supserv.cozmoslabs.com\/de\/wp-json\/wp\/v2\/media\/844946"}],"wp:attachment":[{"href":"https:\/\/iarina034.supserv.cozmoslabs.com\/de\/wp-json\/wp\/v2\/media?parent=844942"}],"wp:term":[{"taxonomy":"product_brand","embeddable":true,"href":"https:\/\/iarina034.supserv.cozmoslabs.com\/de\/wp-json\/wp\/v2\/product_brand?post=844942"},{"taxonomy":"product_cat","embeddable":true,"href":"https:\/\/iarina034.supserv.cozmoslabs.com\/de\/wp-json\/wp\/v2\/product_cat?post=844942"},{"taxonomy":"product_tag","embeddable":true,"href":"https:\/\/iarina034.supserv.cozmoslabs.com\/de\/wp-json\/wp\/v2\/product_tag?post=844942"}],"curies":[{"name":"wp","href":"https:\/\/api.w.org\/{rel}","templated":true}]}}