{"id":849384,"date":"2025-06-06T03:07:28","date_gmt":"2025-06-06T03:07:28","guid":{"rendered":"https:\/\/hi-di-hi.nl\/?post_type=product&#038;p=849384"},"modified":"2026-04-01T22:30:14","modified_gmt":"2026-04-01T20:30:14","slug":"chitter-3","status":"publish","type":"product","link":"https:\/\/iarina034.supserv.cozmoslabs.com\/de\/product\/chitter-3\/","title":{"rendered":"Zirpen"},"content":{"rendered":"<blockquote><p>\u00dcber Chitter:<\/p>\n<p>Diese s\u00fc\u00dfe Bowlingtasche l\u00e4sst selbst den Rotkehlchen fr\u00f6hlich zwitschern. Nie wieder alleine unterwegs! Sie sieht nicht nur toll aus im Retro-Look, sondern ist auch super praktisch: Zwei Rei\u00dfverschl\u00fcsse \u00f6ffnen die Tasche in zwei F\u00e4cher, und innen gibt es noch weitere F\u00e4cher. Der Schultergurt ist verstellbar und abnehmbar. Perfekt f\u00fcr jeden Tag oder die n\u00e4chste schicke Party. Du hast die Wahl!<\/p><\/blockquote>","protected":false},"excerpt":{"rendered":"<ul>\n<li>\u00a0<span class=\"fontstyle0\">Hand-\/Umh\u00e4ngetasche<\/span><\/li>\n<li>\u00a0<span class=\"fontstyle0\">B 21,5 x H 18 x T 10 cm<\/span><\/li>\n<li>100% Veganes &amp; \u00d6ko-Leder<\/li>\n<li>\u00a0<span class=\"fontstyle0\">2 Hauptf\u00e4cher mit Rei\u00dfverschluss<\/span><\/li>\n<li>\u00a0<span class=\"fontstyle0\">Innenliegende Trennwand mit Rei\u00dfverschluss<\/span><\/li>\n<li>\u00a0<span class=\"fontstyle0\">\u2018&#039;Robin&#039;-Stickerei<\/span><\/li>\n<li>\u00a0<span class=\"fontstyle0\">Zus\u00e4tzliche Rei\u00dfverschlusstasche vorne<\/span><\/li>\n<li><span class=\"fontstyle0\">Verstellbarer Riemen<\/span><\/li>\n<li>Bunt bedrucktes Futter<\/li>\n<li>100% Fair gemacht!<\/li>\n<\/ul>","protected":false},"featured_media":849386,"comment_status":"open","ping_status":"closed","template":"","meta":{"_et_pb_use_builder":"","_et_pb_old_content":"","_et_gb_content_width":""},"product_brand":[],"product_cat":[591,51,145],"product_tag":[547],"class_list":{"0":"post-849384","1":"product","2":"type-product","3":"status-publish","4":"has-post-thumbnail","6":"product_cat-available-now","7":"product_cat-bags","8":"product_cat-hidihi-bags","9":"product_tag-absurdly-birdy","10":"pa_color-brown","11":"pa_color-green","12":"pa_color-orange","13":"pa_style-crossbodybags","14":"pa_style-handbags","15":"pa_style-multifunctionalbags","16":"pa_style-shoulderbags","18":"first","19":"outofstock","20":"taxable","21":"shipping-taxable","22":"purchasable","23":"product-type-simple"},"_links":{"self":[{"href":"https:\/\/iarina034.supserv.cozmoslabs.com\/de\/wp-json\/wp\/v2\/product\/849384","targetHints":{"allow":["GET"]}}],"collection":[{"href":"https:\/\/iarina034.supserv.cozmoslabs.com\/de\/wp-json\/wp\/v2\/product"}],"about":[{"href":"https:\/\/iarina034.supserv.cozmoslabs.com\/de\/wp-json\/wp\/v2\/types\/product"}],"replies":[{"embeddable":true,"href":"https:\/\/iarina034.supserv.cozmoslabs.com\/de\/wp-json\/wp\/v2\/comments?post=849384"}],"wp:featuredmedia":[{"embeddable":true,"href":"https:\/\/iarina034.supserv.cozmoslabs.com\/de\/wp-json\/wp\/v2\/media\/849386"}],"wp:attachment":[{"href":"https:\/\/iarina034.supserv.cozmoslabs.com\/de\/wp-json\/wp\/v2\/media?parent=849384"}],"wp:term":[{"taxonomy":"product_brand","embeddable":true,"href":"https:\/\/iarina034.supserv.cozmoslabs.com\/de\/wp-json\/wp\/v2\/product_brand?post=849384"},{"taxonomy":"product_cat","embeddable":true,"href":"https:\/\/iarina034.supserv.cozmoslabs.com\/de\/wp-json\/wp\/v2\/product_cat?post=849384"},{"taxonomy":"product_tag","embeddable":true,"href":"https:\/\/iarina034.supserv.cozmoslabs.com\/de\/wp-json\/wp\/v2\/product_tag?post=849384"}],"curies":[{"name":"wp","href":"https:\/\/api.w.org\/{rel}","templated":true}]}}