{"id":850165,"date":"2025-09-24T01:20:36","date_gmt":"2025-09-24T01:20:36","guid":{"rendered":"https:\/\/hi-di-hi.nl\/?post_type=product&#038;p=850165"},"modified":"2026-01-28T16:14:36","modified_gmt":"2026-01-28T15:14:36","slug":"lied-4","status":"publish","type":"product","link":"https:\/\/iarina034.supserv.cozmoslabs.com\/de\/product\/ditty-4\/","title":{"rendered":"Ditty"},"content":{"rendered":"<blockquote><p>\u00dcber Ditty:<\/p>\n<p>Diese charmante und zugleich praktische kleine Tasche bietet mit drei Rei\u00dfverschlussf\u00e4chern \u00fcberraschend viel Platz.<br \/>\nF\u00e4cher \u2013 perfekt f\u00fcr Ihr Handy, Ihre Schl\u00fcssel, Ihr Make-up, Ihre Ladeger\u00e4te, Ihre Kopfh\u00f6rer oder<br \/>\nsogar ein Reisepass. Verziert mit dem niedlichsten gestickten Vogel \u2013 zur Auswahl stehen Eulen,<br \/>\nOb Meise, Rotkehlchen oder K\u00f6nigsaisher \u2013 es ist ebenso stilvoll wie funktional. Das abnehmbare,<br \/>\nDer verstellbare Schultergurt und der praktische Tragegriff machen es vielseitig: ein s\u00fc\u00dfes<br \/>\nOb als Abendtasche oder als Begleiterin im Alltag \u2013 ein absolutes Must-have, das Sie lieben werden.<br \/>\nEin wunderbares Geschenk f\u00fcr die Weihnachtszeit.<\/p><\/blockquote>","protected":false},"excerpt":{"rendered":"<ul>\n<li>Hand-\/Umh\u00e4ngetasche<\/li>\n<li>H 19,5 x B 13 x T 5,5 cm<\/li>\n<li>100% Vegan &amp; fair hergestellt<\/li>\n<li>2 Haupttaschen mit Rei\u00dfverschluss<\/li>\n<li>Verschiedene Vogelarten sind vorne aufgestickt.<\/li>\n<li>Zus\u00e4tzliche Rei\u00dfverschlusstasche vorne<\/li>\n<li>Passt auf jedes Handy<\/li>\n<li>Verstellbarer und abnehmbarer Riemen<\/li>\n<\/ul>","protected":false},"featured_media":850323,"comment_status":"open","ping_status":"closed","template":"","meta":{"_et_pb_use_builder":"","_et_pb_old_content":"","_et_gb_content_width":""},"product_brand":[],"product_cat":[51,145],"product_tag":[547],"class_list":{"0":"post-850165","1":"product","2":"type-product","3":"status-publish","4":"has-post-thumbnail","6":"product_cat-bags","7":"product_cat-hidihi-bags","8":"product_tag-absurdly-birdy","9":"pa_color-brown","10":"pa_color-pink","11":"pa_style-crossbodybags","12":"pa_style-handbags","14":"first","15":"outofstock","16":"taxable","17":"shipping-taxable","18":"purchasable","19":"product-type-simple"},"_links":{"self":[{"href":"https:\/\/iarina034.supserv.cozmoslabs.com\/de\/wp-json\/wp\/v2\/product\/850165","targetHints":{"allow":["GET"]}}],"collection":[{"href":"https:\/\/iarina034.supserv.cozmoslabs.com\/de\/wp-json\/wp\/v2\/product"}],"about":[{"href":"https:\/\/iarina034.supserv.cozmoslabs.com\/de\/wp-json\/wp\/v2\/types\/product"}],"replies":[{"embeddable":true,"href":"https:\/\/iarina034.supserv.cozmoslabs.com\/de\/wp-json\/wp\/v2\/comments?post=850165"}],"wp:featuredmedia":[{"embeddable":true,"href":"https:\/\/iarina034.supserv.cozmoslabs.com\/de\/wp-json\/wp\/v2\/media\/850323"}],"wp:attachment":[{"href":"https:\/\/iarina034.supserv.cozmoslabs.com\/de\/wp-json\/wp\/v2\/media?parent=850165"}],"wp:term":[{"taxonomy":"product_brand","embeddable":true,"href":"https:\/\/iarina034.supserv.cozmoslabs.com\/de\/wp-json\/wp\/v2\/product_brand?post=850165"},{"taxonomy":"product_cat","embeddable":true,"href":"https:\/\/iarina034.supserv.cozmoslabs.com\/de\/wp-json\/wp\/v2\/product_cat?post=850165"},{"taxonomy":"product_tag","embeddable":true,"href":"https:\/\/iarina034.supserv.cozmoslabs.com\/de\/wp-json\/wp\/v2\/product_tag?post=850165"}],"curies":[{"name":"wp","href":"https:\/\/api.w.org\/{rel}","templated":true}]}}