{"id":850233,"date":"2025-09-24T02:14:42","date_gmt":"2025-09-24T02:14:42","guid":{"rendered":"https:\/\/hi-di-hi.nl\/?post_type=product&#038;p=850233"},"modified":"2026-05-04T15:43:18","modified_gmt":"2026-05-04T13:43:18","slug":"drummer-2","status":"publish","type":"product","link":"https:\/\/iarina034.supserv.cozmoslabs.com\/de\/product\/drummer-2\/","title":{"rendered":"Schlagzeuger"},"content":{"rendered":"<blockquote><p>\u00dcber den Schlagzeuger:<\/p>\n<p>Sp\u00fcrst du den Rhythmus beim Gehen? Dann ist dieser Sling-Rucksack genau das Richtige f\u00fcr dich. Der Drummer ist dein idealer Begleiter, denn er l\u00e4sst sich sicher an deiner Handytasche befestigen ;-). Im gr\u00f6\u00dferen Fach findet eine 33-ml-Wasserflasche Platz. Der Verschluss \u00fcber dem Rei\u00dfverschluss sch\u00fctzt vor Diebstahl. Au\u00dferdem kannst du hier w\u00e4hrend eines langen Spaziergangs ganz einfach deine Jacke oder deinen Schal befestigen. Und er ist super bequem zu tragen: Der Schultergurt ist gepolstert und atmungsaktiv. Er l\u00e4sst sich zudem sowohl links als auch rechts befestigen, sodass er f\u00fcr Links- und Rechtsh\u00e4nder gleicherma\u00dfen geeignet ist. Ein absoluter Volltreffer!<\/p><\/blockquote>","protected":false},"excerpt":{"rendered":"<ul>\n<li>Umh\u00e4ngetasche \/ Rucksack<\/li>\n<li>H26 x B23 x T6 cm<\/li>\n<li>100% Vegan &amp; fair hergestellt<\/li>\n<li>Haupt- und Vordertasche mit Rei\u00dfverschluss<\/li>\n<li>Verstellbarer und abnehmbarer Riemen<\/li>\n<li>F\u00fcr Links- und Rechtsh\u00e4nder<\/li>\n<li>Mit Spechtstickerei<\/li>\n<li>Diebstahlsicherer Riemen \u00fcber dem Rei\u00dfverschluss<\/li>\n<\/ul>","protected":false},"featured_media":850226,"comment_status":"open","ping_status":"closed","template":"","meta":{"_et_pb_use_builder":"","_et_pb_old_content":"","_et_gb_content_width":""},"product_brand":[],"product_cat":[51,145],"product_tag":[547],"class_list":{"0":"post-850233","1":"product","2":"type-product","3":"status-publish","4":"has-post-thumbnail","6":"product_cat-bags","7":"product_cat-hidihi-bags","8":"product_tag-absurdly-birdy","9":"pa_color-brown","10":"pa_color-green","11":"pa_color-yellow","12":"pa_style-backpacks","13":"pa_style-crossbodybags","15":"first","16":"instock","17":"taxable","18":"shipping-taxable","19":"purchasable","20":"product-type-simple"},"_links":{"self":[{"href":"https:\/\/iarina034.supserv.cozmoslabs.com\/de\/wp-json\/wp\/v2\/product\/850233","targetHints":{"allow":["GET"]}}],"collection":[{"href":"https:\/\/iarina034.supserv.cozmoslabs.com\/de\/wp-json\/wp\/v2\/product"}],"about":[{"href":"https:\/\/iarina034.supserv.cozmoslabs.com\/de\/wp-json\/wp\/v2\/types\/product"}],"replies":[{"embeddable":true,"href":"https:\/\/iarina034.supserv.cozmoslabs.com\/de\/wp-json\/wp\/v2\/comments?post=850233"}],"wp:featuredmedia":[{"embeddable":true,"href":"https:\/\/iarina034.supserv.cozmoslabs.com\/de\/wp-json\/wp\/v2\/media\/850226"}],"wp:attachment":[{"href":"https:\/\/iarina034.supserv.cozmoslabs.com\/de\/wp-json\/wp\/v2\/media?parent=850233"}],"wp:term":[{"taxonomy":"product_brand","embeddable":true,"href":"https:\/\/iarina034.supserv.cozmoslabs.com\/de\/wp-json\/wp\/v2\/product_brand?post=850233"},{"taxonomy":"product_cat","embeddable":true,"href":"https:\/\/iarina034.supserv.cozmoslabs.com\/de\/wp-json\/wp\/v2\/product_cat?post=850233"},{"taxonomy":"product_tag","embeddable":true,"href":"https:\/\/iarina034.supserv.cozmoslabs.com\/de\/wp-json\/wp\/v2\/product_tag?post=850233"}],"curies":[{"name":"wp","href":"https:\/\/api.w.org\/{rel}","templated":true}]}}