{"id":851721,"date":"2026-01-05T12:56:11","date_gmt":"2026-01-05T11:56:11","guid":{"rendered":"https:\/\/hi-di-hi.nl\/?post_type=product&#038;p=851721"},"modified":"2026-05-01T15:55:18","modified_gmt":"2026-05-01T13:55:18","slug":"ditty-7","status":"publish","type":"product","link":"https:\/\/iarina034.supserv.cozmoslabs.com\/de\/product\/ditty-7\/","title":{"rendered":"Ditty"},"content":{"rendered":"<p>About Ditty<\/p>\n<blockquote><p>Diese charmante und zugleich praktische kleine Tasche bietet mit drei Rei\u00dfverschlussf\u00e4chern \u00fcberraschend viel Platz.<br \/>\nF\u00e4cher \u2013 perfekt f\u00fcr Ihr Handy, Ihre Schl\u00fcssel, Ihr Make-up, Ihre Ladeger\u00e4te, Ihre Kopfh\u00f6rer oder<br \/>\neven a passport. Adorned with the cutest embroidered bird\u2014choose from chaffinch,<br \/>\ngoldcrest, robin, or kingfisher\u2014it\u2019s as stylish as it is functional. The detachable,<br \/>\nDer verstellbare Schultergurt und der praktische Tragegriff machen es vielseitig: ein s\u00fc\u00dfes<br \/>\nOb als Abendtasche oder als Begleiterin im Alltag \u2013 ein absolutes Must-have, das Sie lieben werden.<br \/>\nEin wunderbares Geschenk f\u00fcr die Weihnachtszeit.<\/p><\/blockquote>\n<h4><\/h4>","protected":false},"excerpt":{"rendered":"<h4><\/h4>\n<ul>\n<li>Hand-\/Umh\u00e4ngetasche<\/li>\n<li>H 19,5 x B 13 x T 5,5 cm<\/li>\n<li>100% Vegan &amp; fair hergestellt<\/li>\n<li>2 Haupttaschen mit Rei\u00dfverschluss<\/li>\n<li>Beautiful kingfisher embroidered at the front<\/li>\n<li>Zus\u00e4tzliche Rei\u00dfverschlusstasche vorne<\/li>\n<li>Passt auf jedes Handy<\/li>\n<li>Verstellbarer und abnehmbarer Riemen<\/li>\n<\/ul>","protected":false},"featured_media":851411,"comment_status":"open","ping_status":"closed","template":"","meta":{"_et_pb_use_builder":"","_et_pb_old_content":"","_et_gb_content_width":""},"product_brand":[],"product_cat":[591,51,145],"product_tag":[587],"class_list":{"0":"post-851721","1":"product","2":"type-product","3":"status-publish","4":"has-post-thumbnail","6":"product_cat-available-now","7":"product_cat-bags","8":"product_cat-hidihi-bags","9":"product_tag-love-is-in-the-air","10":"pa_color-blue","11":"pa_color-green","12":"pa_color-teal","13":"pa_style-crossbodybags","14":"pa_style-handbags","16":"first","17":"instock","18":"taxable","19":"shipping-taxable","20":"purchasable","21":"product-type-simple"},"_links":{"self":[{"href":"https:\/\/iarina034.supserv.cozmoslabs.com\/de\/wp-json\/wp\/v2\/product\/851721","targetHints":{"allow":["GET"]}}],"collection":[{"href":"https:\/\/iarina034.supserv.cozmoslabs.com\/de\/wp-json\/wp\/v2\/product"}],"about":[{"href":"https:\/\/iarina034.supserv.cozmoslabs.com\/de\/wp-json\/wp\/v2\/types\/product"}],"replies":[{"embeddable":true,"href":"https:\/\/iarina034.supserv.cozmoslabs.com\/de\/wp-json\/wp\/v2\/comments?post=851721"}],"wp:featuredmedia":[{"embeddable":true,"href":"https:\/\/iarina034.supserv.cozmoslabs.com\/de\/wp-json\/wp\/v2\/media\/851411"}],"wp:attachment":[{"href":"https:\/\/iarina034.supserv.cozmoslabs.com\/de\/wp-json\/wp\/v2\/media?parent=851721"}],"wp:term":[{"taxonomy":"product_brand","embeddable":true,"href":"https:\/\/iarina034.supserv.cozmoslabs.com\/de\/wp-json\/wp\/v2\/product_brand?post=851721"},{"taxonomy":"product_cat","embeddable":true,"href":"https:\/\/iarina034.supserv.cozmoslabs.com\/de\/wp-json\/wp\/v2\/product_cat?post=851721"},{"taxonomy":"product_tag","embeddable":true,"href":"https:\/\/iarina034.supserv.cozmoslabs.com\/de\/wp-json\/wp\/v2\/product_tag?post=851721"}],"curies":[{"name":"wp","href":"https:\/\/api.w.org\/{rel}","templated":true}]}}