{"id":851768,"date":"2026-01-05T12:55:22","date_gmt":"2026-01-05T11:55:22","guid":{"rendered":"https:\/\/hi-di-hi.nl\/?post_type=product&#038;p=851768"},"modified":"2026-05-01T15:45:19","modified_gmt":"2026-05-01T13:45:19","slug":"little-magpie-5-pack","status":"publish","type":"product","link":"https:\/\/iarina034.supserv.cozmoslabs.com\/de\/product\/little-magpie-5-pack\/","title":{"rendered":"Little Magpie &#8211; 5 Pack"},"content":{"rendered":"<p>\u00dcber die kleine Elster<\/p>\n<blockquote><p>Ob du nun eine Tasche mit Vogelmotiv besitzt oder nicht, eine Geldb\u00f6rse mit deinem gefiederten Freund ist immer eine tolle Erg\u00e4nzung. Super s\u00fc\u00df, sch\u00f6n klein und dabei so praktisch: Mit 16 Kartenf\u00e4chern, Geldscheinf\u00e4chern und M\u00fcnzf\u00e4chern passt sie problemlos in jede Tasche. Bist du bereit, deine Vogelsammlung zu erweitern? Denn wie sollst du dich blo\u00df zwischen diesen 5 witzigen V\u00f6gelchen entscheiden?<\/p><\/blockquote>\n<h4><\/h4>","protected":false},"excerpt":{"rendered":"<h4><strong>PLEASE NOTE: THIS PRODUCT WILL BE DELIVERED FROM MARCH 15, 2026.<\/strong><\/h4>\n<ul>\n<li>Geldb\u00f6rse<\/li>\n<li>\u00a0<span class=\"fontstyle0\">B 11 x H 9 x T 3 cm<\/span><\/li>\n<li>100% Veganes &amp; \u00d6ko-Leder<\/li>\n<li>\u00a0<span class=\"fontstyle0\">Verschiedene Arten von Vogelstickereien<\/span><\/li>\n<li>\u00a0<span class=\"fontstyle0\">16 Kartenf\u00e4cher<\/span><\/li>\n<li>\u00a0<span class=\"fontstyle0\">5er-Pack-Angebot<\/span><\/li>\n<li>100% Fair gemacht!<\/li>\n<\/ul>","protected":false},"featured_media":851769,"comment_status":"open","ping_status":"closed","template":"","meta":{"_et_pb_use_builder":"","_et_pb_old_content":"","_et_gb_content_width":""},"product_brand":[],"product_cat":[16,591,51,145],"product_tag":[587],"class_list":{"0":"post-851768","1":"product","2":"type-product","3":"status-publish","4":"has-post-thumbnail","6":"product_cat-accessories","7":"product_cat-available-now","8":"product_cat-bags","9":"product_cat-hidihi-bags","10":"product_tag-love-is-in-the-air","11":"pa_color-pink","12":"pa_color-purple","13":"pa_style-clutches","14":"pa_style-wallets-multipurses","16":"first","17":"outofstock","18":"taxable","19":"shipping-taxable","20":"purchasable","21":"product-type-simple"},"_links":{"self":[{"href":"https:\/\/iarina034.supserv.cozmoslabs.com\/de\/wp-json\/wp\/v2\/product\/851768","targetHints":{"allow":["GET"]}}],"collection":[{"href":"https:\/\/iarina034.supserv.cozmoslabs.com\/de\/wp-json\/wp\/v2\/product"}],"about":[{"href":"https:\/\/iarina034.supserv.cozmoslabs.com\/de\/wp-json\/wp\/v2\/types\/product"}],"replies":[{"embeddable":true,"href":"https:\/\/iarina034.supserv.cozmoslabs.com\/de\/wp-json\/wp\/v2\/comments?post=851768"}],"wp:featuredmedia":[{"embeddable":true,"href":"https:\/\/iarina034.supserv.cozmoslabs.com\/de\/wp-json\/wp\/v2\/media\/851769"}],"wp:attachment":[{"href":"https:\/\/iarina034.supserv.cozmoslabs.com\/de\/wp-json\/wp\/v2\/media?parent=851768"}],"wp:term":[{"taxonomy":"product_brand","embeddable":true,"href":"https:\/\/iarina034.supserv.cozmoslabs.com\/de\/wp-json\/wp\/v2\/product_brand?post=851768"},{"taxonomy":"product_cat","embeddable":true,"href":"https:\/\/iarina034.supserv.cozmoslabs.com\/de\/wp-json\/wp\/v2\/product_cat?post=851768"},{"taxonomy":"product_tag","embeddable":true,"href":"https:\/\/iarina034.supserv.cozmoslabs.com\/de\/wp-json\/wp\/v2\/product_tag?post=851768"}],"curies":[{"name":"wp","href":"https:\/\/api.w.org\/{rel}","templated":true}]}}