{"id":852175,"date":"2026-04-03T13:34:05","date_gmt":"2026-04-03T11:34:05","guid":{"rendered":"https:\/\/hi-di-hi.nl\/?post_type=product&#038;p=852175"},"modified":"2026-04-20T11:04:18","modified_gmt":"2026-04-20T09:04:18","slug":"carol-31","status":"publish","type":"product","link":"https:\/\/iarina034.supserv.cozmoslabs.com\/de\/product\/carol-31\/","title":{"rendered":"Carol &#8211; Delivery June &#8217;26"},"content":{"rendered":"<p>About Carol<\/p>\n<blockquote><p><strong>Das ist wirklich die praktischste Tasche, um mal eben schnell was um die Ecke zu erledigen.<\/strong>, Ob f\u00fcr einen ausgedehnten Waldspaziergang oder einfach so: Der Rucksack bietet viel Stauraum und ist federleicht. Mit einer speziellen Tasche f\u00fcrs Handy (nur f\u00fcr dich!) und einer Rei\u00dfverschlusstasche f\u00fcr Wertsachen auf der R\u00fcckseite. Das absolute Highlight ist aber nat\u00fcrlich der wundersch\u00f6n gestickte Vogel auf der Vorderseite, der dich gerne begleitet. Ein wahres Meisterst\u00fcck! Erh\u00e4ltlich in vier verschiedenen Farben und mit verschiedenen V\u00f6geln\u2026 die Auswahl f\u00e4llt da wirklich schwer\u2026<\/p><\/blockquote>\n<h4><strong>PLEASE NOTE: THIS PRODUCT WILL BE DELIVERED FROM JUNE 2026.<\/strong><\/h4>","protected":false},"excerpt":{"rendered":"<h4><strong>PLEASE NOTE: THIS PRODUCT WILL BE DELIVERED FROM JUNE 2026.<\/strong><\/h4>\n<ul>\n<li>Rucksack<\/li>\n<li>H30 x B16 x T8 cm<\/li>\n<li>Verstellbarer Riemen<\/li>\n<li>Beautiful embroidery of a Kingfisher<\/li>\n<li>Sooo viele Taschen: perfekt f\u00fcr unterwegs!<\/li>\n<li>Passend f\u00fcr Telefon, Schl\u00fcssel, Brieftasche usw. usw<\/li>\n<li>Bunt bedrucktes Futter<\/li>\n<li>100% Vegan, \u00f6kologisch und fair produziert<\/li>\n<\/ul>","protected":false},"featured_media":852929,"comment_status":"open","ping_status":"closed","template":"","meta":{"_et_pb_use_builder":"","_et_pb_old_content":"","_et_gb_content_width":""},"product_brand":[],"product_cat":[593,145,594],"product_tag":[598],"class_list":{"0":"post-852175","1":"product","2":"type-product","3":"status-publish","4":"has-post-thumbnail","6":"product_cat-bags-ships-in-march-2026","7":"product_cat-hidihi-bags","8":"product_cat-ships-in-june-2026","9":"product_tag-birds-of-a-feather","10":"pa_color-green","11":"pa_style-slingbag","13":"first","14":"outofstock","15":"taxable","16":"shipping-taxable","17":"purchasable","18":"product-type-simple"},"_links":{"self":[{"href":"https:\/\/iarina034.supserv.cozmoslabs.com\/de\/wp-json\/wp\/v2\/product\/852175","targetHints":{"allow":["GET"]}}],"collection":[{"href":"https:\/\/iarina034.supserv.cozmoslabs.com\/de\/wp-json\/wp\/v2\/product"}],"about":[{"href":"https:\/\/iarina034.supserv.cozmoslabs.com\/de\/wp-json\/wp\/v2\/types\/product"}],"replies":[{"embeddable":true,"href":"https:\/\/iarina034.supserv.cozmoslabs.com\/de\/wp-json\/wp\/v2\/comments?post=852175"}],"wp:featuredmedia":[{"embeddable":true,"href":"https:\/\/iarina034.supserv.cozmoslabs.com\/de\/wp-json\/wp\/v2\/media\/852929"}],"wp:attachment":[{"href":"https:\/\/iarina034.supserv.cozmoslabs.com\/de\/wp-json\/wp\/v2\/media?parent=852175"}],"wp:term":[{"taxonomy":"product_brand","embeddable":true,"href":"https:\/\/iarina034.supserv.cozmoslabs.com\/de\/wp-json\/wp\/v2\/product_brand?post=852175"},{"taxonomy":"product_cat","embeddable":true,"href":"https:\/\/iarina034.supserv.cozmoslabs.com\/de\/wp-json\/wp\/v2\/product_cat?post=852175"},{"taxonomy":"product_tag","embeddable":true,"href":"https:\/\/iarina034.supserv.cozmoslabs.com\/de\/wp-json\/wp\/v2\/product_tag?post=852175"}],"curies":[{"name":"wp","href":"https:\/\/api.w.org\/{rel}","templated":true}]}}