{"id":852511,"date":"2026-04-03T13:32:49","date_gmt":"2026-04-03T11:32:49","guid":{"rendered":"https:\/\/hi-di-hi.nl\/?post_type=product&#038;p=852511"},"modified":"2026-04-30T10:22:37","modified_gmt":"2026-04-30T08:22:37","slug":"little-magpie-5-pack-18","status":"publish","type":"product","link":"https:\/\/iarina034.supserv.cozmoslabs.com\/de\/product\/little-magpie-5-pack-18\/","title":{"rendered":"Little Magpie &#8211; 5 Pack &#8211; Delivery June &#8217;26"},"content":{"rendered":"<p>\u00dcber die kleine Elster<\/p>\n<blockquote><p>Ob du nun eine Tasche mit Vogelmotiv besitzt oder nicht, eine Geldb\u00f6rse mit deinem gefiederten Freund ist immer eine tolle Erg\u00e4nzung. Super s\u00fc\u00df, sch\u00f6n klein und dabei so praktisch: Mit 16 Kartenf\u00e4chern, Geldscheinf\u00e4chern und M\u00fcnzf\u00e4chern passt sie problemlos in jede Tasche. Bist du bereit, deine Vogelsammlung zu erweitern? Denn wie sollst du dich blo\u00df zwischen diesen 5 witzigen V\u00f6gelchen entscheiden?<\/p><\/blockquote>\n<h4><strong>PLEASE NOTE: THIS PRODUCT WILL BE DELIVERED FROM JUNE 2026.<\/strong><\/h4>","protected":false},"excerpt":{"rendered":"<h4><strong>PLEASE NOTE: THIS PRODUCT WILL BE DELIVERED FROM JUNE 2026.<\/strong><\/h4>\n<ul>\n<li>Geldb\u00f6rse<\/li>\n<li>\u00a0<span class=\"fontstyle0\">B 11 x H 9 x T 3 cm<\/span><\/li>\n<li>100% Veganes &amp; \u00d6ko-Leder<\/li>\n<li>\u00a0<span class=\"fontstyle0\">Verschiedene Arten von Vogelstickereien<\/span><\/li>\n<li>\u00a0<span class=\"fontstyle0\">16 Kartenf\u00e4cher<\/span><\/li>\n<li>\u00a0<span class=\"fontstyle0\">5er-Pack-Angebot<\/span><\/li>\n<li>100% Fair gemacht!<\/li>\n<\/ul>","protected":false},"featured_media":852356,"comment_status":"open","ping_status":"closed","template":"","meta":{"_et_pb_use_builder":"","_et_pb_old_content":"","_et_gb_content_width":""},"product_brand":[],"product_cat":[16,51,593,145,594],"product_tag":[598],"class_list":{"0":"post-852511","1":"product","2":"type-product","3":"status-publish","4":"has-post-thumbnail","6":"product_cat-accessories","7":"product_cat-bags","8":"product_cat-bags-ships-in-march-2026","9":"product_cat-hidihi-bags","10":"product_cat-ships-in-june-2026","11":"product_tag-birds-of-a-feather","12":"pa_color-blue","13":"pa_color-brown","14":"pa_color-green","15":"pa_color-orange","16":"pa_color-teal","17":"pa_style-clutches","18":"pa_style-wallets-multipurses","20":"first","21":"instock","22":"taxable","23":"shipping-taxable","24":"purchasable","25":"product-type-simple"},"_links":{"self":[{"href":"https:\/\/iarina034.supserv.cozmoslabs.com\/de\/wp-json\/wp\/v2\/product\/852511","targetHints":{"allow":["GET"]}}],"collection":[{"href":"https:\/\/iarina034.supserv.cozmoslabs.com\/de\/wp-json\/wp\/v2\/product"}],"about":[{"href":"https:\/\/iarina034.supserv.cozmoslabs.com\/de\/wp-json\/wp\/v2\/types\/product"}],"replies":[{"embeddable":true,"href":"https:\/\/iarina034.supserv.cozmoslabs.com\/de\/wp-json\/wp\/v2\/comments?post=852511"}],"wp:featuredmedia":[{"embeddable":true,"href":"https:\/\/iarina034.supserv.cozmoslabs.com\/de\/wp-json\/wp\/v2\/media\/852356"}],"wp:attachment":[{"href":"https:\/\/iarina034.supserv.cozmoslabs.com\/de\/wp-json\/wp\/v2\/media?parent=852511"}],"wp:term":[{"taxonomy":"product_brand","embeddable":true,"href":"https:\/\/iarina034.supserv.cozmoslabs.com\/de\/wp-json\/wp\/v2\/product_brand?post=852511"},{"taxonomy":"product_cat","embeddable":true,"href":"https:\/\/iarina034.supserv.cozmoslabs.com\/de\/wp-json\/wp\/v2\/product_cat?post=852511"},{"taxonomy":"product_tag","embeddable":true,"href":"https:\/\/iarina034.supserv.cozmoslabs.com\/de\/wp-json\/wp\/v2\/product_tag?post=852511"}],"curies":[{"name":"wp","href":"https:\/\/api.w.org\/{rel}","templated":true}]}}