{"id":9098,"date":"2023-01-25T13:03:00","date_gmt":"2023-01-25T13:03:00","guid":{"rendered":"https:\/\/hi-di-hi.nl\/?post_type=product&#038;p=9098"},"modified":"2026-04-01T22:37:26","modified_gmt":"2026-04-01T20:37:26","slug":"nn-131-04","status":"publish","type":"product","link":"https:\/\/iarina034.supserv.cozmoslabs.com\/de\/product\/nn-131-04\/","title":{"rendered":"Casey Trolley Bag"},"content":{"rendered":"<p>Die Trolley-Tasche von Casey ist der absolute Gewinner unter Reisenden, weil Sie auf die richtige Art und Weise auffallen! Helle Farben gemischt mit sanften Farbt\u00f6nen sorgen daf\u00fcr, dass Sie unter anderem Ihr Gep\u00e4ck finden. Mit dem Riemen auf der R\u00fcckseite k\u00f6nnen Sie ihn an Ihrem Casey Trolley befestigen, sodass Sie bequem in den Himmel fliegen k\u00f6nnen. Die Casey-Tasche ist leicht und hat eine harte Au\u00dfenseite, sodass Ihre Sachen gut gesch\u00fctzt sind. Im Inneren gibt es kleinere Netzf\u00e4cher und ausreichend Platz f\u00fcr \u00dcbernachtungsutensilien. Kombiniere sie mit Casey Trolley und\u2026 los geht\u2019s!<\/p>\n<blockquote><p>\u00dcber die Casey Trolley-Tasche<\/p>\n<p>&#8220;I took the small version with me in my suitcase during the holidays. It&#8217;s nice that it&#8217;s fixed and you can still access everything. After that, I am happy every day with my little \u201csuitcase\u201d from Noi-Noi, because it turned out to be an ideal laptop case after my holiday &#x1f917;&#8221; &#8211; E, via Instagram<\/p><\/blockquote>","protected":false},"excerpt":{"rendered":"<ul>\n<li>Trolley-Tasche<\/li>\n<li>B32 x H28 x T13 cm<\/li>\n<li>Kunstleder, 100% vegan<\/li>\n<li>Robuste Rei\u00dfverschl\u00fcsse<\/li>\n<li>2 Netztaschen mit Rei\u00dfverschluss innen<\/li>\n<li>L\u00e4sst sich leicht an Ihren Casey-Trolley anschlie\u00dfen<\/li>\n<li>Noi-Noi-Patchwork<\/li>\n<li>Bunt bedrucktes Futter<\/li>\n<\/ul>","protected":false},"featured_media":0,"comment_status":"open","ping_status":"closed","template":"","meta":{"_et_pb_use_builder":"","_et_pb_old_content":"","_et_gb_content_width":""},"product_brand":[],"product_cat":[591,51,146],"product_tag":[580],"class_list":{"0":"post-9098","1":"product","2":"type-product","3":"status-publish","5":"product_cat-available-now","6":"product_cat-bags","7":"product_cat-noinoi-bags","8":"product_tag-noi-noi","9":"pa_color-beige","10":"pa_color-black","11":"pa_color-green","12":"pa_color-orange","13":"pa_style-handbags","14":"pa_style-shoulderbags","16":"first","17":"instock","18":"taxable","19":"shipping-taxable","20":"purchasable","21":"product-type-simple"},"_links":{"self":[{"href":"https:\/\/iarina034.supserv.cozmoslabs.com\/de\/wp-json\/wp\/v2\/product\/9098","targetHints":{"allow":["GET"]}}],"collection":[{"href":"https:\/\/iarina034.supserv.cozmoslabs.com\/de\/wp-json\/wp\/v2\/product"}],"about":[{"href":"https:\/\/iarina034.supserv.cozmoslabs.com\/de\/wp-json\/wp\/v2\/types\/product"}],"replies":[{"embeddable":true,"href":"https:\/\/iarina034.supserv.cozmoslabs.com\/de\/wp-json\/wp\/v2\/comments?post=9098"}],"wp:attachment":[{"href":"https:\/\/iarina034.supserv.cozmoslabs.com\/de\/wp-json\/wp\/v2\/media?parent=9098"}],"wp:term":[{"taxonomy":"product_brand","embeddable":true,"href":"https:\/\/iarina034.supserv.cozmoslabs.com\/de\/wp-json\/wp\/v2\/product_brand?post=9098"},{"taxonomy":"product_cat","embeddable":true,"href":"https:\/\/iarina034.supserv.cozmoslabs.com\/de\/wp-json\/wp\/v2\/product_cat?post=9098"},{"taxonomy":"product_tag","embeddable":true,"href":"https:\/\/iarina034.supserv.cozmoslabs.com\/de\/wp-json\/wp\/v2\/product_tag?post=9098"}],"curies":[{"name":"wp","href":"https:\/\/api.w.org\/{rel}","templated":true}]}}