{"id":3382,"date":"2022-06-07T13:02:20","date_gmt":"2022-06-07T13:02:20","guid":{"rendered":"https:\/\/eeezi.nl\/?post_type=product&#038;p=3382"},"modified":"2026-05-04T11:31:19","modified_gmt":"2026-05-04T09:31:19","slug":"e-18-01","status":"publish","type":"product","link":"https:\/\/iarina034.supserv.cozmoslabs.com\/es\/product\/e-18-01\/","title":{"rendered":"E-18-01"},"content":{"rendered":"<ul>\n<li class=\"p1\"><span class=\"s1\">Al. 32,5 x An. 42 x Pr. 12 cm<\/span><\/li>\n<li><span class=\"s1\">Correa de hombro tama\u00f1o m\u00e1s corto: 86 cm<\/span><\/li>\n<li class=\"p1\"><span class=\"s1\"> Tama\u00f1o m\u00e1s largo de la correa para el hombro: 180 cm<\/span><\/li>\n<li class=\"p1\"><span class=\"s1\">Poliuretano reciclado y reciclable 100% mezclado con fibra de madera, revestimiento de poli\u00e9ster reciclado 100%, metales sin plomo, pintura al agua.<\/span><\/li>\n<li class=\"p1\"><span class=\"s1\">100% vegano<\/span><\/li>\n<\/ul>\n<p>&nbsp;<\/p>\n<p>&nbsp;<\/p>","protected":false},"excerpt":{"rendered":"<p class=\"p1\"><span class=\"s1\">Un bonito bolso de negocios o shopper de aspecto deportivo. Suficientemente espacioso para una computadora port\u00e1til de 11\u2033 y una carpeta A4. Los 2 compartimentos frontales ofrecen espacio para un tel\u00e9fono celular, un cargador y m\u00e1s. Se puede usar un bolsillo frontal m\u00e1s grande para guardar tabletas o port\u00e1tiles. El compartimento principal tiene una opci\u00f3n de almacenamiento acolchado especial para una computadora port\u00e1til de 13 &quot;. Se puede cerrar con una cremallera y, por lo tanto, es impermeable. El cintur\u00f3n de hombro es ajustable y extra\u00edble.<br \/>\n<\/span><\/p>\n<p class=\"p1\"><span class=\"s1\">EXTRA<\/span><\/p>\n<ul>\n<li class=\"p1\"><span class=\"s1\">2 zippered pockets and one pocket with magnet closure on the front<br \/>\n<\/span><\/li>\n<li class=\"p1\"><span class=\"s1\">padded storage for 13&#8243; laptop<\/span><\/li>\n<li><span class=\"s1\">additional zip pocket on the back<br \/>\n<\/span><\/li>\n<li><span class=\"s1\">1 zipped- and 2 lining pockets<br \/>\n<\/span><\/li>\n<li><span class=\"s1\">EEEZI to clean with water<\/span><\/li>\n<\/ul>","protected":false},"featured_media":850742,"comment_status":"open","ping_status":"closed","template":"","meta":{"_et_pb_use_builder":"","_et_pb_old_content":"","_et_gb_content_width":""},"product_brand":[],"product_cat":[51,145],"product_tag":[291],"class_list":{"0":"post-3382","1":"product","2":"type-product","3":"status-publish","4":"has-post-thumbnail","6":"product_cat-bags","7":"product_cat-hidihi-bags","8":"product_tag-eeezi","9":"pa_color-grey","10":"pa_style-business-bag","11":"pa_style-handbags","12":"pa_style-shopper","13":"pa_style-shoulderbags","15":"first","16":"instock","17":"taxable","18":"shipping-taxable","19":"purchasable","20":"product-type-simple"},"_links":{"self":[{"href":"https:\/\/iarina034.supserv.cozmoslabs.com\/es\/wp-json\/wp\/v2\/product\/3382","targetHints":{"allow":["GET"]}}],"collection":[{"href":"https:\/\/iarina034.supserv.cozmoslabs.com\/es\/wp-json\/wp\/v2\/product"}],"about":[{"href":"https:\/\/iarina034.supserv.cozmoslabs.com\/es\/wp-json\/wp\/v2\/types\/product"}],"replies":[{"embeddable":true,"href":"https:\/\/iarina034.supserv.cozmoslabs.com\/es\/wp-json\/wp\/v2\/comments?post=3382"}],"wp:featuredmedia":[{"embeddable":true,"href":"https:\/\/iarina034.supserv.cozmoslabs.com\/es\/wp-json\/wp\/v2\/media\/850742"}],"wp:attachment":[{"href":"https:\/\/iarina034.supserv.cozmoslabs.com\/es\/wp-json\/wp\/v2\/media?parent=3382"}],"wp:term":[{"taxonomy":"product_brand","embeddable":true,"href":"https:\/\/iarina034.supserv.cozmoslabs.com\/es\/wp-json\/wp\/v2\/product_brand?post=3382"},{"taxonomy":"product_cat","embeddable":true,"href":"https:\/\/iarina034.supserv.cozmoslabs.com\/es\/wp-json\/wp\/v2\/product_cat?post=3382"},{"taxonomy":"product_tag","embeddable":true,"href":"https:\/\/iarina034.supserv.cozmoslabs.com\/es\/wp-json\/wp\/v2\/product_tag?post=3382"}],"curies":[{"name":"palabra clave","href":"https:\/\/api.w.org\/{rel}","templated":true}]}}