{"id":3386,"date":"2022-06-08T07:46:47","date_gmt":"2022-06-08T07:46:47","guid":{"rendered":"https:\/\/eeezi.nl\/?post_type=product&#038;p=3386"},"modified":"2026-04-01T22:40:07","modified_gmt":"2026-04-01T20:40:07","slug":"e-18-04","status":"publish","type":"product","link":"https:\/\/iarina034.supserv.cozmoslabs.com\/es\/product\/e-18-04\/","title":{"rendered":"E-18-04"},"content":{"rendered":"<ul>\n<li class=\"p1\"><span class=\"s1\">Al. 32,5 x An. 42 x Pr. 12 cm<\/span><\/li>\n<li><span class=\"s1\">Correa de hombro tama\u00f1o m\u00e1s corto: 86 cm<\/span><\/li>\n<li class=\"p1\"><span class=\"s1\"> Tama\u00f1o m\u00e1s largo de la correa para el hombro: 180 cm<\/span><\/li>\n<li class=\"p1\"><span class=\"s1\">E-18-04 estampado \/ beige<\/span><\/li>\n<li class=\"p1\"><span class=\"s1\">Poliuretano reciclado y reciclable 100% mezclado con fibra de madera, revestimiento de poli\u00e9ster reciclado 100%, metales sin plomo, pintura al agua.<\/span><\/li>\n<li class=\"p1\"><span class=\"s1\">100% vegano<\/span><\/li>\n<\/ul>\n<p>&nbsp;<\/p>\n<p>&nbsp;<\/p>","protected":false},"excerpt":{"rendered":"<p class=\"p1\"><span class=\"s1\">Un bonito bolso de negocios o shopper de aspecto deportivo. Suficientemente espacioso para una computadora port\u00e1til de 11\u2033 y una carpeta A4. Los 2 compartimentos frontales ofrecen espacio para un tel\u00e9fono celular, un cargador y m\u00e1s. Se puede usar un bolsillo frontal m\u00e1s grande para guardar tabletas o port\u00e1tiles. El compartimento principal tiene una opci\u00f3n de almacenamiento acolchado especial para una computadora port\u00e1til de 13 &quot;. Se puede cerrar con una cremallera y, por lo tanto, es impermeable. El cintur\u00f3n de hombro es ajustable y extra\u00edble.<br \/>\n<\/span><\/p>\n<p class=\"p1\"><span class=\"s1\">EXTRA<\/span><\/p>\n<ul>\n<li class=\"p1\"><span class=\"s1\">2 zippered pockets and one pocket with magnet closure on the front<br \/>\n<\/span><\/li>\n<li class=\"p1\"><span class=\"s1\">padded storage for 13&#8243; laptop<\/span><\/li>\n<li><span class=\"s1\">additional zip pocket on the back<br \/>\n<\/span><\/li>\n<li><span class=\"s1\">1 zipped- and 2 lining pockets<br \/>\n<\/span><\/li>\n<li><span class=\"s1\">EEEZI to clean with water<\/span><\/li>\n<\/ul>","protected":false},"featured_media":3494,"comment_status":"open","ping_status":"closed","template":"","meta":{"_et_pb_use_builder":"","_et_pb_old_content":"","_et_gb_content_width":""},"product_brand":[],"product_cat":[591,51,144],"product_tag":[291],"class_list":{"0":"post-3386","1":"product","2":"type-product","3":"status-publish","4":"has-post-thumbnail","6":"product_cat-available-now","7":"product_cat-bags","8":"product_cat-eeezi-bags","9":"product_tag-eeezi","10":"pa_color-blue","11":"pa_color-brown","12":"pa_color-green","13":"pa_color-orange","14":"pa_style-business-bag","15":"pa_style-handbags","16":"pa_style-shopper","17":"pa_style-shoulderbags","19":"first","20":"instock","21":"taxable","22":"shipping-taxable","23":"purchasable","24":"product-type-simple"},"_links":{"self":[{"href":"https:\/\/iarina034.supserv.cozmoslabs.com\/es\/wp-json\/wp\/v2\/product\/3386","targetHints":{"allow":["GET"]}}],"collection":[{"href":"https:\/\/iarina034.supserv.cozmoslabs.com\/es\/wp-json\/wp\/v2\/product"}],"about":[{"href":"https:\/\/iarina034.supserv.cozmoslabs.com\/es\/wp-json\/wp\/v2\/types\/product"}],"replies":[{"embeddable":true,"href":"https:\/\/iarina034.supserv.cozmoslabs.com\/es\/wp-json\/wp\/v2\/comments?post=3386"}],"wp:featuredmedia":[{"embeddable":true,"href":"https:\/\/iarina034.supserv.cozmoslabs.com\/es\/wp-json\/wp\/v2\/media\/3494"}],"wp:attachment":[{"href":"https:\/\/iarina034.supserv.cozmoslabs.com\/es\/wp-json\/wp\/v2\/media?parent=3386"}],"wp:term":[{"taxonomy":"product_brand","embeddable":true,"href":"https:\/\/iarina034.supserv.cozmoslabs.com\/es\/wp-json\/wp\/v2\/product_brand?post=3386"},{"taxonomy":"product_cat","embeddable":true,"href":"https:\/\/iarina034.supserv.cozmoslabs.com\/es\/wp-json\/wp\/v2\/product_cat?post=3386"},{"taxonomy":"product_tag","embeddable":true,"href":"https:\/\/iarina034.supserv.cozmoslabs.com\/es\/wp-json\/wp\/v2\/product_tag?post=3386"}],"curies":[{"name":"palabra clave","href":"https:\/\/api.w.org\/{rel}","templated":true}]}}