{"id":19549,"date":"2023-01-24T18:20:11","date_gmt":"2023-01-24T18:20:11","guid":{"rendered":"https:\/\/hi-di-hi.nl\/?post_type=product&#038;p=19549"},"modified":"2026-04-15T09:43:33","modified_gmt":"2026-04-15T07:43:33","slug":"wb15","status":"publish","type":"product","link":"https:\/\/iarina034.supserv.cozmoslabs.com\/fr\/product\/wb15\/","title":{"rendered":"Winky Maxi"},"content":{"rendered":"<p>Trop dr\u00f4le pour les mots : un sac qui flirte pendant que vous marchez !<br \/>\nQue vous fl\u00e2niez sur le boulevard ou que vous dansiez dans une discoth\u00e8que, Winky garantit beaucoup d&#039;attention !<\/p>\n<p>Voulez-vous donner \u00e0 votre meilleur ami ou amant secret un c\u0153ur \u00e0 c\u0153ur\u00a0?<br \/>\nWinky sait toujours faire sourire.<br \/>\n\u00c0 qui feriez-vous plaisir avec un Winky\u00a0?<br \/>\nAvailable in dark grey to match every outfit!<\/p>\n<blockquote><p>About Winky Maxi:<\/p>\n<p><em>&#8220;Well, of course you will be seen with this bag. There is no doubt about that. Isn&#8217;t that great? Are you the power woman who decides who to flirt with and when? Or the one who wants to show that sometimes you can take life with a wink? Either way, it will make a lot of people smile! (And you can carry your entire household in it too, my goodness, what a lot of space this bag has!)&#8221;<\/em><\/p><\/blockquote>","protected":false},"excerpt":{"rendered":"<ul>\n<li>Sac bandouli\u00e8re<\/li>\n<li>H20 x W20 x D10 cm<\/li>\n<li>Vegan Leather \/ Fairly Made<\/li>\n<li>1 Zipped pocket and 2 open pockets inside<\/li>\n<li>Poche zipp\u00e9e suppl\u00e9mentaire \u00e0 l&#039;arri\u00e8re<\/li>\n<li>Winks at you!<\/li>\n<li>Eye catcher!<\/li>\n<li>Adjustable \/ detachable shoulder strap<\/li>\n<\/ul>","protected":false},"featured_media":842508,"comment_status":"open","ping_status":"closed","template":"","meta":{"_et_pb_use_builder":"","_et_pb_old_content":"","_et_gb_content_width":""},"product_brand":[],"product_cat":[591,51,145],"product_tag":[460],"class_list":{"0":"post-19549","1":"product","2":"type-product","3":"status-publish","4":"has-post-thumbnail","6":"product_cat-available-now","7":"product_cat-bags","8":"product_cat-hidihi-bags","9":"product_tag-winkwink","10":"pa_color-grey","11":"pa_style-crossbodybags","13":"first","14":"instock","15":"taxable","16":"shipping-taxable","17":"purchasable","18":"product-type-simple"},"_links":{"self":[{"href":"https:\/\/iarina034.supserv.cozmoslabs.com\/fr\/wp-json\/wp\/v2\/product\/19549","targetHints":{"allow":["GET"]}}],"collection":[{"href":"https:\/\/iarina034.supserv.cozmoslabs.com\/fr\/wp-json\/wp\/v2\/product"}],"about":[{"href":"https:\/\/iarina034.supserv.cozmoslabs.com\/fr\/wp-json\/wp\/v2\/types\/product"}],"replies":[{"embeddable":true,"href":"https:\/\/iarina034.supserv.cozmoslabs.com\/fr\/wp-json\/wp\/v2\/comments?post=19549"}],"wp:featuredmedia":[{"embeddable":true,"href":"https:\/\/iarina034.supserv.cozmoslabs.com\/fr\/wp-json\/wp\/v2\/media\/842508"}],"wp:attachment":[{"href":"https:\/\/iarina034.supserv.cozmoslabs.com\/fr\/wp-json\/wp\/v2\/media?parent=19549"}],"wp:term":[{"taxonomy":"product_brand","embeddable":true,"href":"https:\/\/iarina034.supserv.cozmoslabs.com\/fr\/wp-json\/wp\/v2\/product_brand?post=19549"},{"taxonomy":"product_cat","embeddable":true,"href":"https:\/\/iarina034.supserv.cozmoslabs.com\/fr\/wp-json\/wp\/v2\/product_cat?post=19549"},{"taxonomy":"product_tag","embeddable":true,"href":"https:\/\/iarina034.supserv.cozmoslabs.com\/fr\/wp-json\/wp\/v2\/product_tag?post=19549"}],"curies":[{"name":"wp","href":"https:\/\/api.w.org\/{rel}","templated":true}]}}