{"id":27065,"date":"2023-01-25T06:32:22","date_gmt":"2023-01-25T06:32:22","guid":{"rendered":"https:\/\/hi-di-hi.nl\/?post_type=product&#038;p=27065"},"modified":"2026-04-20T14:15:24","modified_gmt":"2026-04-20T12:15:24","slug":"peeky-3","status":"publish","type":"product","link":"https:\/\/iarina034.supserv.cozmoslabs.com\/fr\/product\/peeky-3\/","title":{"rendered":"Peeky"},"content":{"rendered":"<blockquote><p>&#8220;&#8230;&#8221;<\/p><\/blockquote>\n<p>Soyez le premier \u00e0 r\u00e9diger un avis!<\/p>","protected":false},"excerpt":{"rendered":"<p>\u2022 Sac d&#039;\u00e9paule<br \/>\n\u2022 Taille : L20 x H20 x P6 cm<br \/>\n\u2022 Cuir artificiel (v\u00e9g\u00e9talien 100%)<br \/>\n\u2022 Sac \u00e0 couches, cachant toutes sortes de secrets\u2026<br \/>\n\u2022 Mince mais suffisamment spacieux pour les petits objets essentiels<br \/>\n\u2022 Poche suppl\u00e9mentaire \u00e0 l&#039;arri\u00e8re<br \/>\n\u2022 1 poche ouverte, 1 poche zipp\u00e9e et 1 poche mobile \u00e0 l&#039;int\u00e9rieur<br \/>\n\u2022 La bandouli\u00e8re est r\u00e9glable et amovible<\/p>","protected":false},"featured_media":842603,"comment_status":"open","ping_status":"closed","template":"","meta":{"_et_pb_use_builder":"","_et_pb_old_content":"","_et_gb_content_width":""},"product_brand":[],"product_cat":[51,145],"product_tag":[531],"class_list":{"0":"post-27065","1":"product","2":"type-product","3":"status-publish","4":"has-post-thumbnail","6":"product_cat-bags","7":"product_cat-hidihi-bags","8":"product_tag-flora-fun-fauna","9":"pa_color-pink","10":"pa_style-crossbodybags","11":"pa_style-shoulderbags","13":"first","14":"instock","15":"taxable","16":"shipping-taxable","17":"purchasable","18":"product-type-simple"},"_links":{"self":[{"href":"https:\/\/iarina034.supserv.cozmoslabs.com\/fr\/wp-json\/wp\/v2\/product\/27065","targetHints":{"allow":["GET"]}}],"collection":[{"href":"https:\/\/iarina034.supserv.cozmoslabs.com\/fr\/wp-json\/wp\/v2\/product"}],"about":[{"href":"https:\/\/iarina034.supserv.cozmoslabs.com\/fr\/wp-json\/wp\/v2\/types\/product"}],"replies":[{"embeddable":true,"href":"https:\/\/iarina034.supserv.cozmoslabs.com\/fr\/wp-json\/wp\/v2\/comments?post=27065"}],"wp:featuredmedia":[{"embeddable":true,"href":"https:\/\/iarina034.supserv.cozmoslabs.com\/fr\/wp-json\/wp\/v2\/media\/842603"}],"wp:attachment":[{"href":"https:\/\/iarina034.supserv.cozmoslabs.com\/fr\/wp-json\/wp\/v2\/media?parent=27065"}],"wp:term":[{"taxonomy":"product_brand","embeddable":true,"href":"https:\/\/iarina034.supserv.cozmoslabs.com\/fr\/wp-json\/wp\/v2\/product_brand?post=27065"},{"taxonomy":"product_cat","embeddable":true,"href":"https:\/\/iarina034.supserv.cozmoslabs.com\/fr\/wp-json\/wp\/v2\/product_cat?post=27065"},{"taxonomy":"product_tag","embeddable":true,"href":"https:\/\/iarina034.supserv.cozmoslabs.com\/fr\/wp-json\/wp\/v2\/product_tag?post=27065"}],"curies":[{"name":"wp","href":"https:\/\/api.w.org\/{rel}","templated":true}]}}