{"id":3377,"date":"2022-06-07T12:47:33","date_gmt":"2022-06-07T12:47:33","guid":{"rendered":"https:\/\/eeezi.nl\/?post_type=product&#038;p=3377"},"modified":"2026-01-23T09:17:59","modified_gmt":"2026-01-23T08:17:59","slug":"e-16-04","status":"publish","type":"product","link":"https:\/\/iarina034.supserv.cozmoslabs.com\/fr\/product\/e-16-04\/","title":{"rendered":"E-16-04"},"content":{"rendered":"<ul>\n<li class=\"p1\"><span class=\"s1\">H22 x L30 x P3 cm<\/span><\/li>\n<li class=\"p1\"><span class=\"s1\">Taille la plus courte de la bandouli\u00e8re : 86 cm<\/span><\/li>\n<li class=\"p1\"><span class=\"s1\"> Taille la plus longue de la bandouli\u00e8re : 180 cm<\/span><\/li>\n<li class=\"p1\"><span class=\"s1\">Polyur\u00e9thane 100% recycl\u00e9 et recyclable m\u00e9lang\u00e9 \u00e0 de la fibre de bois, doublure polyester recycl\u00e9 100%, m\u00e9taux sans plomb, peinture \u00e0 l&#039;eau.<\/span><\/li>\n<li class=\"p1\"><span class=\"s1\">100% v\u00e9g\u00e9talien<\/span><\/li>\n<\/ul>\n<p>&nbsp;<\/p>\n<p>&nbsp;<\/p>","protected":false},"excerpt":{"rendered":"<p class=\"p1\"><span class=\"s1\">Un sac \u00e0 bandouli\u00e8re amusant et tr\u00e8s confortable \u00e0 porter. La bandouli\u00e8re est ajustable \u00e0 votre taille. Il suffit de le jeter par-dessus votre \u00e9paule\u00a0! Les deux poches sur le devant offrent de la place pour les petites choses. Une poche zipp\u00e9e \u00e0 l&#039;arri\u00e8re prot\u00e8ge vos objets de valeur. Le plus grand compartiment peut \u00eatre ferm\u00e9 par une fermeture \u00e9clair et est donc \u00e9tanche.<br \/>\n<\/span><\/p>\n<p class=\"p1\"><span class=\"s1\">SUPPL\u00c9MENTS<\/span><\/p>\n<ul>\n<li class=\"p1\"><span class=\"s1\">adjustable shoulder strap<br \/>\n<\/span><\/li>\n<li class=\"p1\"><span class=\"s1\">1 back zip pocket<br \/>\n<\/span><\/li>\n<li><span class=\"s1\">2 \u00a0front zipped pockets<br \/>\n<\/span><\/li>\n<li><span class=\"s1\">EEEZI to clean with water<\/span><\/li>\n<\/ul>","protected":false},"featured_media":0,"comment_status":"open","ping_status":"closed","template":"","meta":{"_et_pb_use_builder":"","_et_pb_old_content":"","_et_gb_content_width":""},"product_brand":[],"product_cat":[51,145],"product_tag":[291],"class_list":{"0":"post-3377","1":"product","2":"type-product","3":"status-publish","5":"product_cat-bags","6":"product_cat-hidihi-bags","7":"product_tag-eeezi","8":"pa_color-beige","9":"pa_color-blue","10":"pa_color-orange","11":"pa_style-crossbodybags","12":"pa_style-shoulderbags","14":"first","15":"instock","16":"taxable","17":"shipping-taxable","18":"purchasable","19":"product-type-simple"},"_links":{"self":[{"href":"https:\/\/iarina034.supserv.cozmoslabs.com\/fr\/wp-json\/wp\/v2\/product\/3377","targetHints":{"allow":["GET"]}}],"collection":[{"href":"https:\/\/iarina034.supserv.cozmoslabs.com\/fr\/wp-json\/wp\/v2\/product"}],"about":[{"href":"https:\/\/iarina034.supserv.cozmoslabs.com\/fr\/wp-json\/wp\/v2\/types\/product"}],"replies":[{"embeddable":true,"href":"https:\/\/iarina034.supserv.cozmoslabs.com\/fr\/wp-json\/wp\/v2\/comments?post=3377"}],"wp:attachment":[{"href":"https:\/\/iarina034.supserv.cozmoslabs.com\/fr\/wp-json\/wp\/v2\/media?parent=3377"}],"wp:term":[{"taxonomy":"product_brand","embeddable":true,"href":"https:\/\/iarina034.supserv.cozmoslabs.com\/fr\/wp-json\/wp\/v2\/product_brand?post=3377"},{"taxonomy":"product_cat","embeddable":true,"href":"https:\/\/iarina034.supserv.cozmoslabs.com\/fr\/wp-json\/wp\/v2\/product_cat?post=3377"},{"taxonomy":"product_tag","embeddable":true,"href":"https:\/\/iarina034.supserv.cozmoslabs.com\/fr\/wp-json\/wp\/v2\/product_tag?post=3377"}],"curies":[{"name":"wp","href":"https:\/\/api.w.org\/{rel}","templated":true}]}}