{"id":3382,"date":"2022-06-07T13:02:20","date_gmt":"2022-06-07T13:02:20","guid":{"rendered":"https:\/\/eeezi.nl\/?post_type=product&#038;p=3382"},"modified":"2026-05-04T11:31:19","modified_gmt":"2026-05-04T09:31:19","slug":"e-18-01","status":"publish","type":"product","link":"https:\/\/iarina034.supserv.cozmoslabs.com\/fr\/product\/e-18-01\/","title":{"rendered":"E-18-01"},"content":{"rendered":"<ul>\n<li class=\"p1\"><span class=\"s1\">H32,5 x L42 x P12 cm<\/span><\/li>\n<li><span class=\"s1\">Taille la plus courte de la bandouli\u00e8re : 86 cm<\/span><\/li>\n<li class=\"p1\"><span class=\"s1\"> Taille la plus longue de la bandouli\u00e8re : 180 cm<\/span><\/li>\n<li class=\"p1\"><span class=\"s1\">Polyur\u00e9thane 100% recycl\u00e9 et recyclable m\u00e9lang\u00e9 \u00e0 de la fibre de bois, doublure polyester recycl\u00e9 100%, m\u00e9taux sans plomb, peinture \u00e0 l&#039;eau.<\/span><\/li>\n<li class=\"p1\"><span class=\"s1\">100% v\u00e9g\u00e9talien<\/span><\/li>\n<\/ul>\n<p>&nbsp;<\/p>\n<p>&nbsp;<\/p>","protected":false},"excerpt":{"rendered":"<p class=\"p1\"><span class=\"s1\">Un joli sac business ou shopper \u00e0 l&#039;allure sportive. Assez spacieux pour un ordinateur portable 11\u2033 et un dossier A4. Les 2 compartiments avant offrent de la place pour un t\u00e9l\u00e9phone portable, un chargeur et plus encore. Une poche avant plus grande peut \u00eatre utilis\u00e9e pour ranger une tablette ou un ordinateur portable. Le compartiment principal dispose d&#039;une option de rangement sp\u00e9ciale et rembourr\u00e9e pour un ordinateur portable 13\u2033. Il peut \u00eatre ferm\u00e9 avec une fermeture \u00e9clair et est donc \u00e9tanche. La bandouli\u00e8re est r\u00e9glable et amovible.<br \/>\n<\/span><\/p>\n<p class=\"p1\"><span class=\"s1\">SUPPL\u00c9MENTS<\/span><\/p>\n<ul>\n<li class=\"p1\"><span class=\"s1\">2 zippered pockets and one pocket with magnet closure on the front<br \/>\n<\/span><\/li>\n<li class=\"p1\"><span class=\"s1\">padded storage for 13&#8243; laptop<\/span><\/li>\n<li><span class=\"s1\">additional zip pocket on the back<br \/>\n<\/span><\/li>\n<li><span class=\"s1\">1 zipped- and 2 lining pockets<br \/>\n<\/span><\/li>\n<li><span class=\"s1\">EEEZI to clean with water<\/span><\/li>\n<\/ul>","protected":false},"featured_media":850742,"comment_status":"open","ping_status":"closed","template":"","meta":{"_et_pb_use_builder":"","_et_pb_old_content":"","_et_gb_content_width":""},"product_brand":[],"product_cat":[51,145],"product_tag":[291],"class_list":{"0":"post-3382","1":"product","2":"type-product","3":"status-publish","4":"has-post-thumbnail","6":"product_cat-bags","7":"product_cat-hidihi-bags","8":"product_tag-eeezi","9":"pa_color-grey","10":"pa_style-business-bag","11":"pa_style-handbags","12":"pa_style-shopper","13":"pa_style-shoulderbags","15":"first","16":"instock","17":"taxable","18":"shipping-taxable","19":"purchasable","20":"product-type-simple"},"_links":{"self":[{"href":"https:\/\/iarina034.supserv.cozmoslabs.com\/fr\/wp-json\/wp\/v2\/product\/3382","targetHints":{"allow":["GET"]}}],"collection":[{"href":"https:\/\/iarina034.supserv.cozmoslabs.com\/fr\/wp-json\/wp\/v2\/product"}],"about":[{"href":"https:\/\/iarina034.supserv.cozmoslabs.com\/fr\/wp-json\/wp\/v2\/types\/product"}],"replies":[{"embeddable":true,"href":"https:\/\/iarina034.supserv.cozmoslabs.com\/fr\/wp-json\/wp\/v2\/comments?post=3382"}],"wp:featuredmedia":[{"embeddable":true,"href":"https:\/\/iarina034.supserv.cozmoslabs.com\/fr\/wp-json\/wp\/v2\/media\/850742"}],"wp:attachment":[{"href":"https:\/\/iarina034.supserv.cozmoslabs.com\/fr\/wp-json\/wp\/v2\/media?parent=3382"}],"wp:term":[{"taxonomy":"product_brand","embeddable":true,"href":"https:\/\/iarina034.supserv.cozmoslabs.com\/fr\/wp-json\/wp\/v2\/product_brand?post=3382"},{"taxonomy":"product_cat","embeddable":true,"href":"https:\/\/iarina034.supserv.cozmoslabs.com\/fr\/wp-json\/wp\/v2\/product_cat?post=3382"},{"taxonomy":"product_tag","embeddable":true,"href":"https:\/\/iarina034.supserv.cozmoslabs.com\/fr\/wp-json\/wp\/v2\/product_tag?post=3382"}],"curies":[{"name":"wp","href":"https:\/\/api.w.org\/{rel}","templated":true}]}}