{"id":841088,"date":"2023-01-25T14:02:22","date_gmt":"2023-01-25T14:02:22","guid":{"rendered":"https:\/\/hi-di-hi.nl\/?post_type=product&#038;p=841088"},"modified":"2026-04-30T12:22:37","modified_gmt":"2026-04-30T10:22:37","slug":"nn-238-01","status":"publish","type":"product","link":"https:\/\/iarina034.supserv.cozmoslabs.com\/fr\/product\/nn-238-01\/","title":{"rendered":"Samy"},"content":{"rendered":"<blockquote><p><em>\u00c0 propos de Samy\u00a0:<\/em><\/p>\n<p>&#8220;&#8230;&#8221;<\/p><\/blockquote>","protected":false},"excerpt":{"rendered":"<div class=\"page\" title=\"Page 16\">\n<div class=\"section\">\n<div class=\"layoutArea\">\n<div class=\"column\">\n<div class=\"column\">\u2022 Sac \u00e0 main\/\u00e9paule<br \/>\n\u2022 Taille : L25 x H18,5 x P10 cm<br \/>\n\u2022 Cuir artificiel (v\u00e9g\u00e9talien 100%)<br \/>\n\u2022 Mignon petit sac de tous les jours avec de nombreuses poches pour les petits effets personnels<br \/>\n\u2022 Poche zipp\u00e9e suppl\u00e9mentaire \u00e0 l&#039;arri\u00e8re<br \/>\n\u2022 1 poche ouverte, 1 poche zipp\u00e9e et 1 poche mobile \u00e0 l&#039;int\u00e9rieur<br \/>\n\u2022 La bandouli\u00e8re est r\u00e9glable et amovible<\/div>\n<div class=\"column\">\u2022 Comprend un porte-cl\u00e9s Happy Birds<\/div>\n<\/div>\n<\/div>\n<\/div>\n<\/div>","protected":false},"featured_media":842763,"comment_status":"open","ping_status":"closed","template":"","meta":{"_et_pb_use_builder":"","_et_pb_old_content":"","_et_gb_content_width":""},"product_brand":[],"product_cat":[591,51,146],"product_tag":[580],"class_list":{"0":"post-841088","1":"product","2":"type-product","3":"status-publish","4":"has-post-thumbnail","6":"product_cat-available-now","7":"product_cat-bags","8":"product_cat-noinoi-bags","9":"product_tag-noi-noi","10":"pa_color-beige","11":"pa_color-brown","12":"pa_color-red","13":"pa_style-crossbodybags","14":"pa_style-handbags","15":"pa_style-shoulderbags","17":"first","18":"instock","19":"taxable","20":"shipping-taxable","21":"purchasable","22":"product-type-simple"},"_links":{"self":[{"href":"https:\/\/iarina034.supserv.cozmoslabs.com\/fr\/wp-json\/wp\/v2\/product\/841088","targetHints":{"allow":["GET"]}}],"collection":[{"href":"https:\/\/iarina034.supserv.cozmoslabs.com\/fr\/wp-json\/wp\/v2\/product"}],"about":[{"href":"https:\/\/iarina034.supserv.cozmoslabs.com\/fr\/wp-json\/wp\/v2\/types\/product"}],"replies":[{"embeddable":true,"href":"https:\/\/iarina034.supserv.cozmoslabs.com\/fr\/wp-json\/wp\/v2\/comments?post=841088"}],"wp:featuredmedia":[{"embeddable":true,"href":"https:\/\/iarina034.supserv.cozmoslabs.com\/fr\/wp-json\/wp\/v2\/media\/842763"}],"wp:attachment":[{"href":"https:\/\/iarina034.supserv.cozmoslabs.com\/fr\/wp-json\/wp\/v2\/media?parent=841088"}],"wp:term":[{"taxonomy":"product_brand","embeddable":true,"href":"https:\/\/iarina034.supserv.cozmoslabs.com\/fr\/wp-json\/wp\/v2\/product_brand?post=841088"},{"taxonomy":"product_cat","embeddable":true,"href":"https:\/\/iarina034.supserv.cozmoslabs.com\/fr\/wp-json\/wp\/v2\/product_cat?post=841088"},{"taxonomy":"product_tag","embeddable":true,"href":"https:\/\/iarina034.supserv.cozmoslabs.com\/fr\/wp-json\/wp\/v2\/product_tag?post=841088"}],"curies":[{"name":"wp","href":"https:\/\/api.w.org\/{rel}","templated":true}]}}