{"id":842115,"date":"2023-01-27T08:12:38","date_gmt":"2023-01-27T08:12:38","guid":{"rendered":"https:\/\/hi-di-hi.nl\/?post_type=product&#038;p=842115"},"modified":"2026-05-04T13:37:31","modified_gmt":"2026-05-04T11:37:31","slug":"fs06","status":"publish","type":"product","link":"https:\/\/iarina034.supserv.cozmoslabs.com\/fr\/product\/fs06\/","title":{"rendered":"Funny Straps \u2013 Imprim\u00e9 bois"},"content":{"rendered":"<p>Notre plus r\u00e9cent ajout : Funny Straps ! Hi-di-hi r\u00e9pond ainsi directement \u00e0 la tendance la plus en vogue : changer de bandouli\u00e8re pour un tout autre look. Que ce soit diff\u00e9rent<span class=\"Apple-converted-space\">\u00a0<\/span>couleur ou imprim\u00e9, ou une longueur diff\u00e9rente\u00a0: vous pouvez tout faire avec les sangles amusantes, car elles sont disponibles en deux longueurs diff\u00e9rentes dans 1\u00a0ensemble. Disponible en 3 versions diff\u00e9rentes, et imprim\u00e9 recto-verso : double plaisir ! De cette fa\u00e7on, ils correspondent toujours \u00e0 tous les sacs Hi-di-hi. Fabriqu\u00e9 \u00e0 partir de nylon recycl\u00e9 avec des m\u00e9taux durables sans toxines. C&#039;est ce que vous attendez de Hi-di-hi : si amusant, si vous !<\/p>\n<p>&nbsp;<\/p>\n<blockquote><p>\u00c0 propos des sangles amusantes\u00a0:<\/p>\n<p><em>Soyez le premier \u00e0 r\u00e9diger un avis!<\/em><\/p><\/blockquote>","protected":false},"excerpt":{"rendered":"<ul>\n<li>Bandouli\u00e8re, 2 pi\u00e8ces\/1 paquet<\/li>\n<li>0,55-0,95m \/ 0,95-1.80m<\/li>\n<li>Nylon recycl\u00e9 solide avec des m\u00e9taux durables non toxiques<\/li>\n<li>Imprim\u00e9 recto-verso pour plus de plaisir<\/li>\n<li>Convient \u00e0 n&#039;importe quel sac Hi-di-hi et multi-portefeuille\u00a0!<\/li>\n<li>100% Assez bien fait\u00a0!<\/li>\n<\/ul>","protected":false},"featured_media":842156,"comment_status":"open","ping_status":"closed","template":"","meta":{"_et_pb_use_builder":"","_et_pb_old_content":"","_et_gb_content_width":""},"product_brand":[],"product_cat":[16,591,145],"product_tag":[587],"class_list":{"0":"post-842115","1":"product","2":"type-product","3":"status-publish","4":"has-post-thumbnail","6":"product_cat-accessories","7":"product_cat-available-now","8":"product_cat-hidihi-bags","9":"product_tag-love-is-in-the-air","10":"pa_color-brown","11":"pa_style-accessories","13":"first","14":"instock","15":"taxable","16":"shipping-taxable","17":"purchasable","18":"product-type-simple"},"_links":{"self":[{"href":"https:\/\/iarina034.supserv.cozmoslabs.com\/fr\/wp-json\/wp\/v2\/product\/842115","targetHints":{"allow":["GET"]}}],"collection":[{"href":"https:\/\/iarina034.supserv.cozmoslabs.com\/fr\/wp-json\/wp\/v2\/product"}],"about":[{"href":"https:\/\/iarina034.supserv.cozmoslabs.com\/fr\/wp-json\/wp\/v2\/types\/product"}],"replies":[{"embeddable":true,"href":"https:\/\/iarina034.supserv.cozmoslabs.com\/fr\/wp-json\/wp\/v2\/comments?post=842115"}],"wp:featuredmedia":[{"embeddable":true,"href":"https:\/\/iarina034.supserv.cozmoslabs.com\/fr\/wp-json\/wp\/v2\/media\/842156"}],"wp:attachment":[{"href":"https:\/\/iarina034.supserv.cozmoslabs.com\/fr\/wp-json\/wp\/v2\/media?parent=842115"}],"wp:term":[{"taxonomy":"product_brand","embeddable":true,"href":"https:\/\/iarina034.supserv.cozmoslabs.com\/fr\/wp-json\/wp\/v2\/product_brand?post=842115"},{"taxonomy":"product_cat","embeddable":true,"href":"https:\/\/iarina034.supserv.cozmoslabs.com\/fr\/wp-json\/wp\/v2\/product_cat?post=842115"},{"taxonomy":"product_tag","embeddable":true,"href":"https:\/\/iarina034.supserv.cozmoslabs.com\/fr\/wp-json\/wp\/v2\/product_tag?post=842115"}],"curies":[{"name":"wp","href":"https:\/\/api.w.org\/{rel}","templated":true}]}}