{"id":842957,"date":"2023-02-03T13:42:46","date_gmt":"2023-02-03T13:42:46","guid":{"rendered":"https:\/\/hi-di-hi.nl\/?post_type=product&#038;p=842957"},"modified":"2026-05-04T15:43:17","modified_gmt":"2026-05-04T13:43:17","slug":"nn-216-06","status":"publish","type":"product","link":"https:\/\/iarina034.supserv.cozmoslabs.com\/fr\/product\/nn-216-06\/","title":{"rendered":"Bonita"},"content":{"rendered":"<blockquote><p>\u00c0 propos de Bonita\u00a0:<\/p>\n<p>&#8220;&#8230;&#8221;<\/p><\/blockquote>","protected":false},"excerpt":{"rendered":"<ul>\n<li>Sac \u00e0 dos<\/li>\n<li>Bretelles r\u00e9glables<\/li>\n<li>D\u00e9tail tiss\u00e9 \u00e0 la main<\/li>\n<li>De nombreuses poches \u00e0 l&#039;int\u00e9rieur et \u00e0 l&#039;ext\u00e9rieur<\/li>\n<li>Poche frontale zipp\u00e9e<\/li>\n<li>L18 x H22 x P10 cm<\/li>\n<\/ul>","protected":false},"featured_media":842965,"comment_status":"open","ping_status":"closed","template":"","meta":{"_et_pb_use_builder":"","_et_pb_old_content":"","_et_gb_content_width":""},"product_brand":[],"product_cat":[591,51,146],"product_tag":[580],"class_list":{"0":"post-842957","1":"product","2":"type-product","3":"status-publish","4":"has-post-thumbnail","6":"product_cat-available-now","7":"product_cat-bags","8":"product_cat-noinoi-bags","9":"product_tag-noi-noi","10":"pa_color-beige","11":"pa_color-blue","12":"pa_color-grey","13":"pa_style-backpacks","15":"first","16":"instock","17":"taxable","18":"shipping-taxable","19":"purchasable","20":"product-type-simple"},"_links":{"self":[{"href":"https:\/\/iarina034.supserv.cozmoslabs.com\/fr\/wp-json\/wp\/v2\/product\/842957","targetHints":{"allow":["GET"]}}],"collection":[{"href":"https:\/\/iarina034.supserv.cozmoslabs.com\/fr\/wp-json\/wp\/v2\/product"}],"about":[{"href":"https:\/\/iarina034.supserv.cozmoslabs.com\/fr\/wp-json\/wp\/v2\/types\/product"}],"replies":[{"embeddable":true,"href":"https:\/\/iarina034.supserv.cozmoslabs.com\/fr\/wp-json\/wp\/v2\/comments?post=842957"}],"wp:featuredmedia":[{"embeddable":true,"href":"https:\/\/iarina034.supserv.cozmoslabs.com\/fr\/wp-json\/wp\/v2\/media\/842965"}],"wp:attachment":[{"href":"https:\/\/iarina034.supserv.cozmoslabs.com\/fr\/wp-json\/wp\/v2\/media?parent=842957"}],"wp:term":[{"taxonomy":"product_brand","embeddable":true,"href":"https:\/\/iarina034.supserv.cozmoslabs.com\/fr\/wp-json\/wp\/v2\/product_brand?post=842957"},{"taxonomy":"product_cat","embeddable":true,"href":"https:\/\/iarina034.supserv.cozmoslabs.com\/fr\/wp-json\/wp\/v2\/product_cat?post=842957"},{"taxonomy":"product_tag","embeddable":true,"href":"https:\/\/iarina034.supserv.cozmoslabs.com\/fr\/wp-json\/wp\/v2\/product_tag?post=842957"}],"curies":[{"name":"wp","href":"https:\/\/api.w.org\/{rel}","templated":true}]}}